{"id":21,"date":"2024-10-11T09:58:45","date_gmt":"2024-10-11T09:58:45","guid":{"rendered":"https:\/\/ebanonatur-plantaloe.com\/politica-de-privacidad\/"},"modified":"2024-10-14T18:04:14","modified_gmt":"2024-10-14T18:04:14","slug":"politica-de-privacidad","status":"publish","type":"page","link":"https:\/\/ebanonatur-plantaloe.com\/en\/politica-de-privacidad\/","title":{"rendered":"Privacy Policy"},"content":{"rendered":"<style>.elementor-21 .elementor-element.elementor-element-2fdfca12{--display:flex;--min-height:266px;--flex-direction:row;--container-widget-width:calc( ( 1 - var( --container-widget-flex-grow ) ) * 100% );--container-widget-height:100%;--container-widget-flex-grow:1;--container-widget-align-self:stretch;--flex-wrap-mobile:wrap;--align-items:stretch;--gap:10px 10px;--row-gap:10px;--column-gap:10px;--overlay-opacity:0.8;--padding-top:0em;--padding-bottom:0em;--padding-left:0em;--padding-right:0em;}.elementor-21 .elementor-element.elementor-element-2fdfca12:not(.elementor-motion-effects-element-type-background), .elementor-21 .elementor-element.elementor-element-2fdfca12 > .elementor-motion-effects-container > .elementor-motion-effects-layer{background-color:var( --e-global-color-primary );}.elementor-21 .elementor-element.elementor-element-2fdfca12::before, .elementor-21 .elementor-element.elementor-element-2fdfca12 > .elementor-background-video-container::before, .elementor-21 .elementor-element.elementor-element-2fdfca12 > .e-con-inner > .elementor-background-video-container::before, .elementor-21 .elementor-element.elementor-element-2fdfca12 > .elementor-background-slideshow::before, .elementor-21 .elementor-element.elementor-element-2fdfca12 > .e-con-inner > .elementor-background-slideshow::before, .elementor-21 .elementor-element.elementor-element-2fdfca12 > .elementor-motion-effects-container > .elementor-motion-effects-layer::before{--background-overlay:'';}.elementor-21 .elementor-element.elementor-element-4b648af1{--display:flex;--flex-direction:row;--container-widget-width:calc( ( 1 - var( --container-widget-flex-grow ) ) * 100% );--container-widget-height:100%;--container-widget-flex-grow:1;--container-widget-align-self:stretch;--flex-wrap-mobile:wrap;--justify-content:space-between;--align-items:center;--flex-wrap:wrap;--padding-top:7em;--padding-bottom:7em;--padding-left:0em;--padding-right:0em;}.elementor-21 .elementor-element.elementor-element-6ed3a3bd{text-align:start;width:100%;max-width:100%;}.elementor-21 .elementor-element.elementor-element-6ed3a3bd .elementor-heading-title{color:#FFFFFF;}.elementor-21 .elementor-element.elementor-element-280cdf3c{--display:flex;--padding-top:4em;--padding-bottom:04em;--padding-left:2em;--padding-right:2em;}:root{--page-title-display:none;}@media(max-width:1024px){.elementor-21 .elementor-element.elementor-element-2fdfca12{--min-height:186px;--padding-top:0px;--padding-bottom:0px;--padding-left:30px;--padding-right:30px;}.elementor-21 .elementor-element.elementor-element-4b648af1{--padding-top:5em;--padding-bottom:5em;--padding-left:0em;--padding-right:0em;}}@media(max-width:767px){.elementor-21 .elementor-element.elementor-element-2fdfca12{--min-height:138px;--justify-content:center;--margin-top:0em;--margin-bottom:0em;--margin-left:0em;--margin-right:0em;--padding-top:0em;--padding-bottom:0em;--padding-left:0em;--padding-right:0em;}.elementor-21 .elementor-element.elementor-element-4b648af1{--flex-direction:column;--container-widget-width:100%;--container-widget-height:initial;--container-widget-flex-grow:0;--container-widget-align-self:initial;--flex-wrap-mobile:wrap;--justify-content:center;--padding-top:3em;--padding-bottom:3em;--padding-left:1em;--padding-right:1em;}.elementor-21 .elementor-element.elementor-element-6ed3a3bd{text-align:center;}}<\/style>\t\t<div data-elementor-type=\"wp-page\" data-elementor-id=\"21\" class=\"elementor elementor-21\" data-elementor-post-type=\"page\">\n\t\t\t\t<div class=\"elementor-element elementor-element-2fdfca12 e-flex e-con-boxed e-con e-parent\" data-id=\"2fdfca12\" data-element_type=\"container\" data-e-type=\"container\" data-settings=\"{&quot;background_background&quot;:&quot;classic&quot;}\">\n\t\t\t\t\t<div class=\"e-con-inner\">\n\t\t<div class=\"elementor-element elementor-element-4b648af1 e-con-full e-flex e-con e-child\" data-id=\"4b648af1\" data-element_type=\"container\" data-e-type=\"container\">\n\t\t\t\t<div class=\"elementor-element elementor-element-6ed3a3bd elementor-widget__width-inherit elementor-widget elementor-widget-heading\" data-id=\"6ed3a3bd\" data-element_type=\"widget\" data-e-type=\"widget\" data-widget_type=\"heading.default\">\n\t\t\t\t<div class=\"elementor-widget-container\">\n\t\t\t\t\t<h1 class=\"elementor-heading-title elementor-size-default\">Privacy Policy<\/h1>\t\t\t\t<\/div>\n\t\t\t\t<\/div>\n\t\t\t\t<\/div>\n\t\t\t\t\t<\/div>\n\t\t\t\t<\/div>\n\t\t<div class=\"elementor-element elementor-element-280cdf3c e-flex e-con-boxed e-con e-parent\" data-id=\"280cdf3c\" data-element_type=\"container\" data-e-type=\"container\">\n\t\t\t\t\t<div class=\"e-con-inner\">\n\t\t\t\t<div class=\"elementor-element elementor-element-3421e99b elementor-widget elementor-widget-text-editor\" data-id=\"3421e99b\" data-element_type=\"widget\" data-e-type=\"widget\" data-widget_type=\"text-editor.default\">\n\t\t\t\t<div class=\"elementor-widget-container\">\n\t\t\t\t\t\t\t\t\t<h3 class=\"wp-block-heading\">1.- INFORMATION TO THE USER<\/h3>\n<p>The website informs users of the website about its policy regarding the treatment and protection of personal data of users and customers that may be requested when browsing through its website. The website is responsible for the processing of the user&#039;s personal data, and therefore provides the following information regarding the processing of your data:&nbsp;<strong>Data retention criteria<\/strong>&nbsp;: The personal data provided will be kept until the interested party requests its suspension, exercising their rights over the data, and in any case in compliance with the legal limitation periods that apply to them.&nbsp;<strong>Rights of interested parties<\/strong>&nbsp;:<\/p>\n<ul>\n<li>Right to withdraw your consent at any time.<\/li>\n<li>Right to access, rectification, deletion, portability of your data and to limit or oppose its processing, as well as not being subject to automated individual decisions.<\/li>\n<\/ul>\n<p><strong>Contact information to exercise your rights<\/strong>&nbsp;: You must properly identify yourself and clearly request the right to exercise.<\/p>\n<ul>\n<li>Name: VICTOR FERNANDO ARROCHA HERNANDEZ with NIF 43621322M<\/li>\n<li>Address: C\/ TAGOROR 25A, 35560, TINAJO, LANZAROTE, LAS PALMAS<b><br><\/b><\/li>\n<li>Phone: 679555907<\/li>\n<li>Mail: arrochahernandez@hotmail.com<\/li>\n<\/ul>\n<h3 class=\"wp-block-heading\">2.- INFORMATION PROVIDED BY THE USER<\/h3>\n<p>If you are under 18 years of age, you are not permitted to use forms on our website.<\/p>\n<p>By entering their data in the contact forms or in download forms, Users expressly and freely accept that their data are necessary for the Controller to process their request, and the inclusion of data in the remaining fields is voluntary.<\/p>\n<p>The User guarantees that the personal data provided is true and is responsible for communicating any changes.<\/p>\n<p>All data requested through the website are necessary to provide an optimal service to the User. If all data is not provided, there is no guarantee that the information and services provided by the Controller will be completely tailored to your needs.<\/p>\n<h3 class=\"wp-block-heading\">3.- SECURITY MEASURES<\/h3>\n<p>That in accordance with the provisions of current regulations on the protection of personal data, the Controller is complying with all the provisions of the GDPR and LOPD regulations for the processing of personal data under its responsibility, which are processed in a lawful, fair and transparent manner in relation to the interested party and are appropriate, relevant and limited to what is necessary in relation to the purposes for which they are processed.<\/p>\n<p>The Controller guarantees that it has implemented appropriate technical and organisational policies to apply the security measures established by the GDPR and the LOPD to protect the rights and freedoms of Users and has communicated to them the appropriate information so that they can exercise them.<\/p>\n<h3 class=\"wp-block-heading\">4.- SECURITY BREACHES<\/h3>\n<p>The Controller will inform any security breach affecting the database used by this website, or affecting any of our third-party services, to each and every person, whose data may have been affected, and to authorities, within 72 hours of detecting the breach.<\/p>\n<h3 class=\"wp-block-heading\">5.-APPLICABLE LEGISLATION AND JURISDICTION<\/h3>\n<p>For the resolution of all disputes or issues related to this website or the activities carried out, Spanish legislation will apply, to which the parties expressly submit, being competent for the resolution of all conflicts derived or related to the use of the Courts and Tribunals of Barcelona.<\/p>\t\t\t\t\t\t\t\t<\/div>\n\t\t\t\t<\/div>\n\t\t\t\t\t<\/div>\n\t\t\t\t<\/div>\n\t\t\t\t<\/div>","protected":false},"excerpt":{"rendered":"<p>1.- INFORMACI\u00d3N AL USUARIO El sitio web informa a los usuarios del sitio web sobre su pol\u00edtica respecto al tratamiento y protecci\u00f3n de los datos de car\u00e1cter personal de los usuarios y clientes que puedan ser solicitados por la navegaci\u00f3n a trav\u00e9s de su sitio web. El sitio web es el Responsable del tratamiento de [&hellip;]<\/p>\n","protected":false},"author":1,"featured_media":0,"parent":0,"menu_order":0,"comment_status":"closed","ping_status":"closed","template":"","meta":{"footnotes":""},"class_list":["post-21","page","type-page","status-publish","hentry"],"yoast_head":"<!-- This site is optimized with the Yoast SEO plugin v27.1.1 - https:\/\/yoast.com\/product\/yoast-seo-wordpress\/ -->\n<title>Pol\u00edtica de privacidad - Ebanonatur<\/title>\n<meta name=\"robots\" content=\"index, follow, max-snippet:-1, max-image-preview:large, max-video-preview:-1\" \/>\n<link rel=\"canonical\" href=\"https:\/\/ebanonatur-plantaloe.com\/en\/politica-de-privacidad\/\" \/>\n<meta property=\"og:locale\" content=\"en_GB\" \/>\n<meta property=\"og:type\" content=\"article\" \/>\n<meta property=\"og:title\" content=\"Pol\u00edtica de privacidad - Ebanonatur\" \/>\n<meta property=\"og:description\" content=\"1.- INFORMACI\u00d3N AL USUARIO El sitio web informa a los usuarios del sitio web sobre su pol\u00edtica respecto al tratamiento y protecci\u00f3n de los datos de car\u00e1cter personal de los usuarios y clientes que puedan ser solicitados por la navegaci\u00f3n a trav\u00e9s de su sitio web. El sitio web es el Responsable del tratamiento de [&hellip;]\" \/>\n<meta property=\"og:url\" content=\"https:\/\/ebanonatur-plantaloe.com\/en\/politica-de-privacidad\/\" \/>\n<meta property=\"og:site_name\" content=\"Ebanonatur\" \/>\n<meta property=\"article:modified_time\" content=\"2024-10-14T18:04:14+00:00\" \/>\n<meta name=\"twitter:card\" content=\"summary_large_image\" \/>\n<meta name=\"twitter:label1\" content=\"Estimated reading time\" \/>\n\t<meta name=\"twitter:data1\" content=\"3 minutes\" \/>\n<script type=\"application\/ld+json\" class=\"yoast-schema-graph\">{\"@context\":\"https:\/\/schema.org\",\"@graph\":[{\"@type\":\"WebPage\",\"@id\":\"https:\/\/ebanonatur-plantaloe.com\/politica-de-privacidad\/\",\"url\":\"https:\/\/ebanonatur-plantaloe.com\/politica-de-privacidad\/\",\"name\":\"Pol\u00edtica de privacidad - Ebanonatur\",\"isPartOf\":{\"@id\":\"https:\/\/ebanonatur-plantaloe.com\/#website\"},\"datePublished\":\"2024-10-11T09:58:45+00:00\",\"dateModified\":\"2024-10-14T18:04:14+00:00\",\"breadcrumb\":{\"@id\":\"https:\/\/ebanonatur-plantaloe.com\/politica-de-privacidad\/#breadcrumb\"},\"inLanguage\":\"en-GB\",\"potentialAction\":[{\"@type\":\"ReadAction\",\"target\":[\"https:\/\/ebanonatur-plantaloe.com\/politica-de-privacidad\/\"]}]},{\"@type\":\"BreadcrumbList\",\"@id\":\"https:\/\/ebanonatur-plantaloe.com\/politica-de-privacidad\/#breadcrumb\",\"itemListElement\":[{\"@type\":\"ListItem\",\"position\":1,\"name\":\"Portada\",\"item\":\"https:\/\/ebanonatur-plantaloe.com\/\"},{\"@type\":\"ListItem\",\"position\":2,\"name\":\"Pol\u00edtica de privacidad\"}]},{\"@type\":\"WebSite\",\"@id\":\"https:\/\/ebanonatur-plantaloe.com\/#website\",\"url\":\"https:\/\/ebanonatur-plantaloe.com\/\",\"name\":\"Ebanonatur\",\"description\":\"Productos naturales de aloe vera para el cuidado de la piel\",\"potentialAction\":[{\"@type\":\"SearchAction\",\"target\":{\"@type\":\"EntryPoint\",\"urlTemplate\":\"https:\/\/ebanonatur-plantaloe.com\/?s={search_term_string}\"},\"query-input\":{\"@type\":\"PropertyValueSpecification\",\"valueRequired\":true,\"valueName\":\"search_term_string\"}}],\"inLanguage\":\"en-GB\"}]}<\/script>\n<!-- \/ Yoast SEO plugin. -->","yoast_head_json":{"title":"Pol\u00edtica de privacidad - Ebanonatur","robots":{"index":"index","follow":"follow","max-snippet":"max-snippet:-1","max-image-preview":"max-image-preview:large","max-video-preview":"max-video-preview:-1"},"canonical":"https:\/\/ebanonatur-plantaloe.com\/en\/politica-de-privacidad\/","og_locale":"en_GB","og_type":"article","og_title":"Pol\u00edtica de privacidad - Ebanonatur","og_description":"1.- INFORMACI\u00d3N AL USUARIO El sitio web informa a los usuarios del sitio web sobre su pol\u00edtica respecto al tratamiento y protecci\u00f3n de los datos de car\u00e1cter personal de los usuarios y clientes que puedan ser solicitados por la navegaci\u00f3n a trav\u00e9s de su sitio web. El sitio web es el Responsable del tratamiento de [&hellip;]","og_url":"https:\/\/ebanonatur-plantaloe.com\/en\/politica-de-privacidad\/","og_site_name":"Ebanonatur","article_modified_time":"2024-10-14T18:04:14+00:00","twitter_card":"summary_large_image","twitter_misc":{"Estimated reading time":"3 minutes"},"schema":{"@context":"https:\/\/schema.org","@graph":[{"@type":"WebPage","@id":"https:\/\/ebanonatur-plantaloe.com\/politica-de-privacidad\/","url":"https:\/\/ebanonatur-plantaloe.com\/politica-de-privacidad\/","name":"Pol\u00edtica de privacidad - Ebanonatur","isPartOf":{"@id":"https:\/\/ebanonatur-plantaloe.com\/#website"},"datePublished":"2024-10-11T09:58:45+00:00","dateModified":"2024-10-14T18:04:14+00:00","breadcrumb":{"@id":"https:\/\/ebanonatur-plantaloe.com\/politica-de-privacidad\/#breadcrumb"},"inLanguage":"en-GB","potentialAction":[{"@type":"ReadAction","target":["https:\/\/ebanonatur-plantaloe.com\/politica-de-privacidad\/"]}]},{"@type":"BreadcrumbList","@id":"https:\/\/ebanonatur-plantaloe.com\/politica-de-privacidad\/#breadcrumb","itemListElement":[{"@type":"ListItem","position":1,"name":"Portada","item":"https:\/\/ebanonatur-plantaloe.com\/"},{"@type":"ListItem","position":2,"name":"Pol\u00edtica de privacidad"}]},{"@type":"WebSite","@id":"https:\/\/ebanonatur-plantaloe.com\/#website","url":"https:\/\/ebanonatur-plantaloe.com\/","name":"Ebanonatur","description":"Natural Aloe Vera Products for Skin Care","potentialAction":[{"@type":"SearchAction","target":{"@type":"EntryPoint","urlTemplate":"https:\/\/ebanonatur-plantaloe.com\/?s={search_term_string}"},"query-input":{"@type":"PropertyValueSpecification","valueRequired":true,"valueName":"search_term_string"}}],"inLanguage":"en-GB"}]}},"_links":{"self":[{"href":"https:\/\/ebanonatur-plantaloe.com\/en\/wp-json\/wp\/v2\/pages\/21","targetHints":{"allow":["GET"]}}],"collection":[{"href":"https:\/\/ebanonatur-plantaloe.com\/en\/wp-json\/wp\/v2\/pages"}],"about":[{"href":"https:\/\/ebanonatur-plantaloe.com\/en\/wp-json\/wp\/v2\/types\/page"}],"author":[{"embeddable":true,"href":"https:\/\/ebanonatur-plantaloe.com\/en\/wp-json\/wp\/v2\/users\/1"}],"replies":[{"embeddable":true,"href":"https:\/\/ebanonatur-plantaloe.com\/en\/wp-json\/wp\/v2\/comments?post=21"}],"version-history":[{"count":7,"href":"https:\/\/ebanonatur-plantaloe.com\/en\/wp-json\/wp\/v2\/pages\/21\/revisions"}],"predecessor-version":[{"id":1330,"href":"https:\/\/ebanonatur-plantaloe.com\/en\/wp-json\/wp\/v2\/pages\/21\/revisions\/1330"}],"wp:attachment":[{"href":"https:\/\/ebanonatur-plantaloe.com\/en\/wp-json\/wp\/v2\/media?parent=21"}],"curies":[{"name":"wp","href":"https:\/\/api.w.org\/{rel}","templated":true}]}}