{"id":12147,"date":"2024-12-10T10:44:32","date_gmt":"2024-12-10T09:44:32","guid":{"rendered":"https:\/\/ebanonatur-plantaloe.com\/?page_id=12147"},"modified":"2024-12-10T10:45:48","modified_gmt":"2024-12-10T09:45:48","slug":"politicas-de-devocion-cancelacion-y-rembolso","status":"publish","type":"page","link":"https:\/\/ebanonatur-plantaloe.com\/en\/politicas-de-devocion-cancelacion-y-rembolso\/","title":{"rendered":"Devotion, cancellation and refund policies"},"content":{"rendered":"<style>.elementor-12147 .elementor-element.elementor-element-473cc282{--display:flex;--min-height:266px;--flex-direction:row;--container-widget-width:calc( ( 1 - var( --container-widget-flex-grow ) ) * 100% );--container-widget-height:100%;--container-widget-flex-grow:1;--container-widget-align-self:stretch;--flex-wrap-mobile:wrap;--align-items:flex-end;--gap:10px 10px;--row-gap:10px;--column-gap:10px;--overlay-opacity:0.8;--padding-top:0em;--padding-bottom:0em;--padding-left:0em;--padding-right:0em;}.elementor-12147 .elementor-element.elementor-element-473cc282:not(.elementor-motion-effects-element-type-background), .elementor-12147 .elementor-element.elementor-element-473cc282 > .elementor-motion-effects-container > .elementor-motion-effects-layer{background-color:var( --e-global-color-primary );}.elementor-12147 .elementor-element.elementor-element-473cc282::before, .elementor-12147 .elementor-element.elementor-element-473cc282 > .elementor-background-video-container::before, .elementor-12147 .elementor-element.elementor-element-473cc282 > .e-con-inner > .elementor-background-video-container::before, .elementor-12147 .elementor-element.elementor-element-473cc282 > .elementor-background-slideshow::before, .elementor-12147 .elementor-element.elementor-element-473cc282 > .e-con-inner > .elementor-background-slideshow::before, .elementor-12147 .elementor-element.elementor-element-473cc282 > .elementor-motion-effects-container > .elementor-motion-effects-layer::before{--background-overlay:'';}.elementor-12147 .elementor-element.elementor-element-1c95e500{--display:flex;--flex-direction:row;--container-widget-width:calc( ( 1 - var( --container-widget-flex-grow ) ) * 100% );--container-widget-height:100%;--container-widget-flex-grow:1;--container-widget-align-self:stretch;--flex-wrap-mobile:wrap;--justify-content:space-between;--align-items:center;--flex-wrap:wrap;--padding-top:7em;--padding-bottom:7em;--padding-left:0em;--padding-right:0em;}.elementor-12147 .elementor-element.elementor-element-3cc827f2{text-align:start;width:100%;max-width:100%;}.elementor-12147 .elementor-element.elementor-element-3cc827f2 .elementor-heading-title{color:#FFFFFF;}.elementor-12147 .elementor-element.elementor-element-6346ee8{--display:flex;--padding-top:4em;--padding-bottom:04em;--padding-left:2em;--padding-right:2em;}:root{--page-title-display:none;}@media(max-width:1024px){.elementor-12147 .elementor-element.elementor-element-473cc282{--min-height:186px;--padding-top:0px;--padding-bottom:0px;--padding-left:30px;--padding-right:30px;}.elementor-12147 .elementor-element.elementor-element-1c95e500{--padding-top:5em;--padding-bottom:5em;--padding-left:0em;--padding-right:0em;}}@media(max-width:767px){.elementor-12147 .elementor-element.elementor-element-473cc282{--min-height:138px;--justify-content:center;--margin-top:0em;--margin-bottom:0em;--margin-left:0em;--margin-right:0em;--padding-top:0em;--padding-bottom:0em;--padding-left:0em;--padding-right:0em;}.elementor-12147 .elementor-element.elementor-element-1c95e500{--flex-direction:column;--container-widget-width:100%;--container-widget-height:initial;--container-widget-flex-grow:0;--container-widget-align-self:initial;--flex-wrap-mobile:wrap;--justify-content:center;--padding-top:3em;--padding-bottom:3em;--padding-left:1em;--padding-right:1em;}.elementor-12147 .elementor-element.elementor-element-3cc827f2{text-align:center;}}<\/style>\t\t<div data-elementor-type=\"wp-page\" data-elementor-id=\"12147\" class=\"elementor elementor-12147\" data-elementor-post-type=\"page\">\n\t\t\t\t<div class=\"elementor-element elementor-element-473cc282 e-flex e-con-boxed e-con e-parent\" data-id=\"473cc282\" data-element_type=\"container\" data-e-type=\"container\" data-settings=\"{&quot;background_background&quot;:&quot;classic&quot;}\">\n\t\t\t\t\t<div class=\"e-con-inner\">\n\t\t<div class=\"elementor-element elementor-element-1c95e500 e-con-full e-flex e-con e-child\" data-id=\"1c95e500\" data-element_type=\"container\" data-e-type=\"container\">\n\t\t\t\t<div class=\"elementor-element elementor-element-3cc827f2 elementor-widget__width-inherit elementor-widget elementor-widget-heading\" data-id=\"3cc827f2\" data-element_type=\"widget\" data-e-type=\"widget\" data-widget_type=\"heading.default\">\n\t\t\t\t<div class=\"elementor-widget-container\">\n\t\t\t\t\t<h1 class=\"elementor-heading-title elementor-size-default\">Devotion, cancellation and refund policies<\/h1>\t\t\t\t<\/div>\n\t\t\t\t<\/div>\n\t\t\t\t<\/div>\n\t\t\t\t\t<\/div>\n\t\t\t\t<\/div>\n\t\t<div class=\"elementor-element elementor-element-6346ee8 e-flex e-con-boxed e-con e-parent\" data-id=\"6346ee8\" data-element_type=\"container\" data-e-type=\"container\">\n\t\t\t\t\t<div class=\"e-con-inner\">\n\t\t\t\t<div class=\"elementor-element elementor-element-3a18116f elementor-widget elementor-widget-text-editor\" data-id=\"3a18116f\" data-element_type=\"widget\" data-e-type=\"widget\" data-widget_type=\"text-editor.default\">\n\t\t\t\t<div class=\"elementor-widget-container\">\n\t\t\t\t\t\t\t\t\t<h4>RETURN POLICY<\/h4><p>EXCHANGES AND\/OR RETURNS ARE ACCEPTED UP TO 14 DAYS AFTER RECEIPT OF THE ORDER, PROVIDED THAT THE WISH TO RETURN THEM IS COMMUNICATED VIA EMAIL WITHIN 48 HOURS OF RECEIPT OF THE PRODUCT.<\/p><p>THE RETURNED ITEM MUST BE IN PERFECT CONDITION, THE PACKAGING UNDAMAGED AND THE PRODUCT SEALED. OTHERWISE THE RETURN WILL NOT BE ACCEPTED.<\/p><p>THE SHIPPING AMOUNT OF RETURNS WILL BE THE CUSTOMER&#039;S RESPONSIBILITY EXCEPT IN THE CASE OF DEFECTIVE PRODUCTS RECEIVED WHICH WILL BE THE COMPANY&#039;S RESPONSIBILITY FOR THE SHIPPING.<\/p><p>THE REFUND WILL BE MADE BY BANK TRANSFER OR PAYPAL AT THE CUSTOMER&#039;S CHOICE, WITHIN 24 HOURS FROM RECEIPT OF THE RETURNED PRODUCT ONCE ITS CONDITION HAS BEEN VERIFIED.<\/p><p>\u00a0<\/p><h4>ORDER CANCELLATION POLICY.<\/h4><p>THE ORDER MAY BE CANCELLED WITHIN 24 HOURS OF RECEIPT, BEFORE SHIPMENT HAS TAKEN PLACE. REFUND WILL BE IMMEDIATELY PROVIDED UPON CANCELLATION BY BANK TRANSFER OR PAYPAL.<\/p><p>\u00a0<\/p><h4>REFUND POLICY<\/h4><p>THE CUSTOMER WILL DECIDE AT ALL TIMES WHETHER THEY WANT THE REFUND TO BE MONETARY OR IN PRODUCTS THAT HAVE THE SAME VALUE AS THE PRODUCT OR PRODUCTS RETURNED.<\/p><p>THE REFUND, IF MONETARY, WILL BE MADE BY BANK TRANSFER OR PAYPAL, AT THE CUSTOMER&#039;S CHOICE.<\/p><p>SHIPPING COSTS, IF THEY ARE THE CUSTOMER&#039;S EXPENSE, WILL NOT BE REIMBURSED IF THE CUSTOMER VOLUNTARILY WITHDRAWS FROM THE PURCHASE.<\/p><p>IN THE CASE OF DEFECTIVE OR POOR CONDITION PRODUCTS, THE SHIPPING AMOUNT WILL BE FULLY REFUNDED ONCE THE RETURN OF THE PURCHASE HAS BEEN RECEIVED AND ITS CONDITION HAS BEEN VERIFIED.<\/p>\t\t\t\t\t\t\t\t<\/div>\n\t\t\t\t<\/div>\n\t\t\t\t\t<\/div>\n\t\t\t\t<\/div>\n\t\t\t\t<\/div>","protected":false},"excerpt":{"rendered":"<p>POLITICA DE DEVOLUCIONES SE ADMITEN CAMBIOS Y\/O DEVOLUCIONES HASTA LOS 14 D\u00cdAS SIGUIENTES A LA RECEPCI\u00d3N DEL P\u00c8DIDO, SIEMPRE Y CUANDO SE COMUNIQUE A TRAV\u00c9S DEL CORREO ELECTR\u00d3NICO EL DESEO DE DEVOLVERLOS EN UN PLAZO DE 48 HORAS DESDE QUE SE RECIBE EL PRODUCTO. EL ARTICULO DEVUELTO DEBERA ESTAR EN PERFECTO ESTADO, EL EMBALAJE SIN [&hellip;]<\/p>\n","protected":false},"author":3,"featured_media":0,"parent":0,"menu_order":0,"comment_status":"closed","ping_status":"closed","template":"","meta":{"footnotes":""},"class_list":["post-12147","page","type-page","status-publish","hentry"],"yoast_head":"<!-- This site is optimized with the Yoast SEO plugin v27.1.1 - https:\/\/yoast.com\/product\/yoast-seo-wordpress\/ -->\n<title>Pol\u00edticas de devoci\u00f3n, cancelaci\u00f3n y rembolso - Ebanonatur<\/title>\n<meta name=\"robots\" content=\"index, follow, max-snippet:-1, max-image-preview:large, max-video-preview:-1\" \/>\n<link rel=\"canonical\" href=\"https:\/\/ebanonatur-plantaloe.com\/en\/politicas-de-devocion-cancelacion-y-rembolso\/\" \/>\n<meta property=\"og:locale\" content=\"en_GB\" \/>\n<meta property=\"og:type\" content=\"article\" \/>\n<meta property=\"og:title\" content=\"Pol\u00edticas de devoci\u00f3n, cancelaci\u00f3n y rembolso - Ebanonatur\" \/>\n<meta property=\"og:description\" content=\"POLITICA DE DEVOLUCIONES SE ADMITEN CAMBIOS Y\/O DEVOLUCIONES HASTA LOS 14 D\u00cdAS SIGUIENTES A LA RECEPCI\u00d3N DEL P\u00c8DIDO, SIEMPRE Y CUANDO SE COMUNIQUE A TRAV\u00c9S DEL CORREO ELECTR\u00d3NICO EL DESEO DE DEVOLVERLOS EN UN PLAZO DE 48 HORAS DESDE QUE SE RECIBE EL PRODUCTO. EL ARTICULO DEVUELTO DEBERA ESTAR EN PERFECTO ESTADO, EL EMBALAJE SIN [&hellip;]\" \/>\n<meta property=\"og:url\" content=\"https:\/\/ebanonatur-plantaloe.com\/en\/politicas-de-devocion-cancelacion-y-rembolso\/\" \/>\n<meta property=\"og:site_name\" content=\"Ebanonatur\" \/>\n<meta property=\"article:modified_time\" content=\"2024-12-10T09:45:48+00:00\" \/>\n<meta name=\"twitter:card\" content=\"summary_large_image\" \/>\n<meta name=\"twitter:label1\" content=\"Estimated reading time\" \/>\n\t<meta name=\"twitter:data1\" content=\"2 minutes\" \/>\n<script type=\"application\/ld+json\" class=\"yoast-schema-graph\">{\"@context\":\"https:\/\/schema.org\",\"@graph\":[{\"@type\":\"WebPage\",\"@id\":\"https:\/\/ebanonatur-plantaloe.com\/politicas-de-devocion-cancelacion-y-rembolso\/\",\"url\":\"https:\/\/ebanonatur-plantaloe.com\/politicas-de-devocion-cancelacion-y-rembolso\/\",\"name\":\"Pol\u00edticas de devoci\u00f3n, cancelaci\u00f3n y rembolso - Ebanonatur\",\"isPartOf\":{\"@id\":\"https:\/\/ebanonatur-plantaloe.com\/#website\"},\"datePublished\":\"2024-12-10T09:44:32+00:00\",\"dateModified\":\"2024-12-10T09:45:48+00:00\",\"breadcrumb\":{\"@id\":\"https:\/\/ebanonatur-plantaloe.com\/politicas-de-devocion-cancelacion-y-rembolso\/#breadcrumb\"},\"inLanguage\":\"en-GB\",\"potentialAction\":[{\"@type\":\"ReadAction\",\"target\":[\"https:\/\/ebanonatur-plantaloe.com\/politicas-de-devocion-cancelacion-y-rembolso\/\"]}]},{\"@type\":\"BreadcrumbList\",\"@id\":\"https:\/\/ebanonatur-plantaloe.com\/politicas-de-devocion-cancelacion-y-rembolso\/#breadcrumb\",\"itemListElement\":[{\"@type\":\"ListItem\",\"position\":1,\"name\":\"Portada\",\"item\":\"https:\/\/ebanonatur-plantaloe.com\/\"},{\"@type\":\"ListItem\",\"position\":2,\"name\":\"Pol\u00edticas de devoci\u00f3n, cancelaci\u00f3n y rembolso\"}]},{\"@type\":\"WebSite\",\"@id\":\"https:\/\/ebanonatur-plantaloe.com\/#website\",\"url\":\"https:\/\/ebanonatur-plantaloe.com\/\",\"name\":\"Ebanonatur\",\"description\":\"Productos naturales de aloe vera para el cuidado de la piel\",\"potentialAction\":[{\"@type\":\"SearchAction\",\"target\":{\"@type\":\"EntryPoint\",\"urlTemplate\":\"https:\/\/ebanonatur-plantaloe.com\/?s={search_term_string}\"},\"query-input\":{\"@type\":\"PropertyValueSpecification\",\"valueRequired\":true,\"valueName\":\"search_term_string\"}}],\"inLanguage\":\"en-GB\"}]}<\/script>\n<!-- \/ Yoast SEO plugin. -->","yoast_head_json":{"title":"Pol\u00edticas de devoci\u00f3n, cancelaci\u00f3n y rembolso - Ebanonatur","robots":{"index":"index","follow":"follow","max-snippet":"max-snippet:-1","max-image-preview":"max-image-preview:large","max-video-preview":"max-video-preview:-1"},"canonical":"https:\/\/ebanonatur-plantaloe.com\/en\/politicas-de-devocion-cancelacion-y-rembolso\/","og_locale":"en_GB","og_type":"article","og_title":"Pol\u00edticas de devoci\u00f3n, cancelaci\u00f3n y rembolso - Ebanonatur","og_description":"POLITICA DE DEVOLUCIONES SE ADMITEN CAMBIOS Y\/O DEVOLUCIONES HASTA LOS 14 D\u00cdAS SIGUIENTES A LA RECEPCI\u00d3N DEL P\u00c8DIDO, SIEMPRE Y CUANDO SE COMUNIQUE A TRAV\u00c9S DEL CORREO ELECTR\u00d3NICO EL DESEO DE DEVOLVERLOS EN UN PLAZO DE 48 HORAS DESDE QUE SE RECIBE EL PRODUCTO. EL ARTICULO DEVUELTO DEBERA ESTAR EN PERFECTO ESTADO, EL EMBALAJE SIN [&hellip;]","og_url":"https:\/\/ebanonatur-plantaloe.com\/en\/politicas-de-devocion-cancelacion-y-rembolso\/","og_site_name":"Ebanonatur","article_modified_time":"2024-12-10T09:45:48+00:00","twitter_card":"summary_large_image","twitter_misc":{"Estimated reading time":"2 minutes"},"schema":{"@context":"https:\/\/schema.org","@graph":[{"@type":"WebPage","@id":"https:\/\/ebanonatur-plantaloe.com\/politicas-de-devocion-cancelacion-y-rembolso\/","url":"https:\/\/ebanonatur-plantaloe.com\/politicas-de-devocion-cancelacion-y-rembolso\/","name":"Pol\u00edticas de devoci\u00f3n, cancelaci\u00f3n y rembolso - Ebanonatur","isPartOf":{"@id":"https:\/\/ebanonatur-plantaloe.com\/#website"},"datePublished":"2024-12-10T09:44:32+00:00","dateModified":"2024-12-10T09:45:48+00:00","breadcrumb":{"@id":"https:\/\/ebanonatur-plantaloe.com\/politicas-de-devocion-cancelacion-y-rembolso\/#breadcrumb"},"inLanguage":"en-GB","potentialAction":[{"@type":"ReadAction","target":["https:\/\/ebanonatur-plantaloe.com\/politicas-de-devocion-cancelacion-y-rembolso\/"]}]},{"@type":"BreadcrumbList","@id":"https:\/\/ebanonatur-plantaloe.com\/politicas-de-devocion-cancelacion-y-rembolso\/#breadcrumb","itemListElement":[{"@type":"ListItem","position":1,"name":"Portada","item":"https:\/\/ebanonatur-plantaloe.com\/"},{"@type":"ListItem","position":2,"name":"Pol\u00edticas de devoci\u00f3n, cancelaci\u00f3n y rembolso"}]},{"@type":"WebSite","@id":"https:\/\/ebanonatur-plantaloe.com\/#website","url":"https:\/\/ebanonatur-plantaloe.com\/","name":"Ebanonatur","description":"Natural Aloe Vera Products for Skin Care","potentialAction":[{"@type":"SearchAction","target":{"@type":"EntryPoint","urlTemplate":"https:\/\/ebanonatur-plantaloe.com\/?s={search_term_string}"},"query-input":{"@type":"PropertyValueSpecification","valueRequired":true,"valueName":"search_term_string"}}],"inLanguage":"en-GB"}]}},"_links":{"self":[{"href":"https:\/\/ebanonatur-plantaloe.com\/en\/wp-json\/wp\/v2\/pages\/12147","targetHints":{"allow":["GET"]}}],"collection":[{"href":"https:\/\/ebanonatur-plantaloe.com\/en\/wp-json\/wp\/v2\/pages"}],"about":[{"href":"https:\/\/ebanonatur-plantaloe.com\/en\/wp-json\/wp\/v2\/types\/page"}],"author":[{"embeddable":true,"href":"https:\/\/ebanonatur-plantaloe.com\/en\/wp-json\/wp\/v2\/users\/3"}],"replies":[{"embeddable":true,"href":"https:\/\/ebanonatur-plantaloe.com\/en\/wp-json\/wp\/v2\/comments?post=12147"}],"version-history":[{"count":4,"href":"https:\/\/ebanonatur-plantaloe.com\/en\/wp-json\/wp\/v2\/pages\/12147\/revisions"}],"predecessor-version":[{"id":12151,"href":"https:\/\/ebanonatur-plantaloe.com\/en\/wp-json\/wp\/v2\/pages\/12147\/revisions\/12151"}],"wp:attachment":[{"href":"https:\/\/ebanonatur-plantaloe.com\/en\/wp-json\/wp\/v2\/media?parent=12147"}],"curies":[{"name":"wp","href":"https:\/\/api.w.org\/{rel}","templated":true}]}}