{"id":18,"date":"2024-10-11T09:58:45","date_gmt":"2024-10-11T09:58:45","guid":{"rendered":"https:\/\/ebanonatur-plantaloe.com\/politica-de-cookies\/"},"modified":"2024-10-11T09:58:46","modified_gmt":"2024-10-11T09:58:46","slug":"politica-de-cookies","status":"publish","type":"page","link":"https:\/\/ebanonatur-plantaloe.com\/de\/politica-de-cookies\/","title":{"rendered":"Cookie-Richtlinie"},"content":{"rendered":"<style>.elementor-18 .elementor-element.elementor-element-77f7efb5{--display:flex;--min-height:266px;--flex-direction:row;--container-widget-width:calc( ( 1 - var( --container-widget-flex-grow ) ) * 100% );--container-widget-height:100%;--container-widget-flex-grow:1;--container-widget-align-self:stretch;--flex-wrap-mobile:wrap;--align-items:stretch;--gap:10px 10px;--row-gap:10px;--column-gap:10px;--overlay-opacity:0.8;--padding-top:0em;--padding-bottom:0em;--padding-left:0em;--padding-right:0em;}.elementor-18 .elementor-element.elementor-element-77f7efb5:not(.elementor-motion-effects-element-type-background), .elementor-18 .elementor-element.elementor-element-77f7efb5 > .elementor-motion-effects-container > .elementor-motion-effects-layer{background-color:var( --e-global-color-primary );}.elementor-18 .elementor-element.elementor-element-77f7efb5::before, .elementor-18 .elementor-element.elementor-element-77f7efb5 > .elementor-background-video-container::before, .elementor-18 .elementor-element.elementor-element-77f7efb5 > .e-con-inner > .elementor-background-video-container::before, .elementor-18 .elementor-element.elementor-element-77f7efb5 > .elementor-background-slideshow::before, .elementor-18 .elementor-element.elementor-element-77f7efb5 > .e-con-inner > .elementor-background-slideshow::before, .elementor-18 .elementor-element.elementor-element-77f7efb5 > .elementor-motion-effects-container > .elementor-motion-effects-layer::before{--background-overlay:'';}.elementor-18 .elementor-element.elementor-element-5469f8b6{--display:flex;--flex-direction:row;--container-widget-width:calc( ( 1 - var( --container-widget-flex-grow ) ) * 100% );--container-widget-height:100%;--container-widget-flex-grow:1;--container-widget-align-self:stretch;--flex-wrap-mobile:wrap;--justify-content:space-between;--align-items:center;--flex-wrap:wrap;--padding-top:7em;--padding-bottom:7em;--padding-left:0em;--padding-right:0em;}.elementor-18 .elementor-element.elementor-element-6ddfafd1{text-align:start;width:100%;max-width:100%;}.elementor-18 .elementor-element.elementor-element-6ddfafd1 .elementor-heading-title{color:#FFFFFF;}.elementor-18 .elementor-element.elementor-element-6f5f01d5{--display:flex;--padding-top:4em;--padding-bottom:04em;--padding-left:2em;--padding-right:2em;}:root{--page-title-display:none;}@media(max-width:1024px){.elementor-18 .elementor-element.elementor-element-77f7efb5{--min-height:186px;--padding-top:0px;--padding-bottom:0px;--padding-left:30px;--padding-right:30px;}.elementor-18 .elementor-element.elementor-element-5469f8b6{--padding-top:5em;--padding-bottom:5em;--padding-left:0em;--padding-right:0em;}}@media(max-width:767px){.elementor-18 .elementor-element.elementor-element-77f7efb5{--min-height:138px;--justify-content:center;--margin-top:0em;--margin-bottom:0em;--margin-left:0em;--margin-right:0em;--padding-top:0em;--padding-bottom:0em;--padding-left:0em;--padding-right:0em;}.elementor-18 .elementor-element.elementor-element-5469f8b6{--flex-direction:column;--container-widget-width:100%;--container-widget-height:initial;--container-widget-flex-grow:0;--container-widget-align-self:initial;--flex-wrap-mobile:wrap;--justify-content:center;--padding-top:3em;--padding-bottom:3em;--padding-left:1em;--padding-right:1em;}.elementor-18 .elementor-element.elementor-element-6ddfafd1{text-align:center;}}<\/style>\t\t<div data-elementor-type=\"wp-page\" data-elementor-id=\"18\" class=\"elementor elementor-18\" data-elementor-post-type=\"page\">\n\t\t\t\t<div class=\"elementor-element elementor-element-77f7efb5 e-flex e-con-boxed e-con e-parent\" data-id=\"77f7efb5\" data-element_type=\"container\" data-e-type=\"container\" data-settings=\"{&quot;background_background&quot;:&quot;classic&quot;}\">\n\t\t\t\t\t<div class=\"e-con-inner\">\n\t\t<div class=\"elementor-element elementor-element-5469f8b6 e-con-full e-flex e-con e-child\" data-id=\"5469f8b6\" data-element_type=\"container\" data-e-type=\"container\">\n\t\t\t\t<div class=\"elementor-element elementor-element-6ddfafd1 elementor-widget__width-inherit elementor-widget elementor-widget-heading\" data-id=\"6ddfafd1\" data-element_type=\"widget\" data-e-type=\"widget\" data-widget_type=\"heading.default\">\n\t\t\t\t<div class=\"elementor-widget-container\">\n\t\t\t\t\t<h1 class=\"elementor-heading-title elementor-size-default\">Cookie-Richtlinie<\/h1>\t\t\t\t<\/div>\n\t\t\t\t<\/div>\n\t\t\t\t<\/div>\n\t\t\t\t\t<\/div>\n\t\t\t\t<\/div>\n\t\t<div class=\"elementor-element elementor-element-6f5f01d5 e-flex e-con-boxed e-con e-parent\" data-id=\"6f5f01d5\" data-element_type=\"container\" data-e-type=\"container\">\n\t\t\t\t\t<div class=\"e-con-inner\">\n\t\t\t\t<div class=\"elementor-element elementor-element-7619b7dd elementor-widget elementor-widget-text-editor\" data-id=\"7619b7dd\" data-element_type=\"widget\" data-e-type=\"widget\" data-widget_type=\"text-editor.default\">\n\t\t\t\t<div class=\"elementor-widget-container\">\n\t\t\t\t\t\t\t\t\t<h3 class=\"wp-block-heading\">Abschnitt 1<\/h3><p>A\u00a0<em>Pl\u00e4tzchen<\/em>\u00a0ist eine kleine Textdatei, die in Ihrem Browser gespeichert wird, wenn Sie fast jede Webseite besuchen. Der Zweck besteht darin, dass sich die Website an Ihren Besuch erinnern kann, wenn Sie diese Seite erneut durchsuchen. Cookies speichern in der Regel technische Informationen, pers\u00f6nliche Vorlieben, Inhaltsanpassungen, Nutzungsstatistiken, Links zu sozialen Netzwerken, Zugriff auf Benutzerkonten usw. Der Zweck des Cookies besteht darin, den Inhalt der Website an Ihr Profil und Ihre Bed\u00fcrfnisse anzupassen. Ohne Cookies w\u00fcrden die von jeder Seite angebotenen Dienste erheblich eingeschr\u00e4nkt. Wenn Sie weitere Informationen dar\u00fcber erhalten m\u00f6chten, was Cookies sind, was sie speichern, wie Sie sie l\u00f6schen, deaktivieren usw., klicken Sie bitte auf diesen Link. (Abschnitt 2)<\/p><h3 class=\"wp-block-heading\">Auf dieser Website verwendete Cookies<\/h3><p>Gem\u00e4\u00df den Richtlinien der spanischen Datenschutzbeh\u00f6rde erl\u00e4utern wir die Verwendung der auf dieser Website verwendeten Cookies, um Sie so genau wie m\u00f6glich zu informieren.<\/p><h3 class=\"wp-block-heading\">Diese Website verwendet eigene Cookies:<\/h3><p>Sitzungscookies, um sicherzustellen, dass Benutzer, die Kommentare in Ihrem Blog schreiben, menschliche und keine automatisierten Anwendungen sind. So wird Spam bek\u00e4mpft.<\/p><h3 class=\"wp-block-heading\">Diese Website verwendet die folgenden Cookies von Drittanbietern:<\/h3><p>Google Analytics: Speichert Cookies, um Statistiken \u00fcber den Verkehr und das Besuchsvolumen auf dieser Website erstellen zu k\u00f6nnen. Durch die Nutzung dieser Website erkl\u00e4ren Sie sich mit der Verarbeitung der \u00fcber Sie erhobenen Daten durch Google einverstanden. Daher muss die Aus\u00fcbung jeglicher diesbez\u00fcglicher Rechte durch direkte Kommunikation mit Google erfolgen.<\/p><p>Soziale Netzwerke: Jedes soziale Netzwerk verwendet seine eigenen Cookies, damit Sie auf die Schaltfl\u00e4chen \u201eGef\u00e4llt mir\u201c oder \u201eTeilen\u201c klicken k\u00f6nnen.<\/p><ul><li>YouTube<\/li><li>Twitter<\/li><li>Facebook<\/li><\/ul><p>Ebenso ist es m\u00f6glich, dass beim Besuch einer Webseite oder beim \u00d6ffnen einer E-Mail, auf der Werbung oder Verkaufsf\u00f6rderung f\u00fcr unsere Dienstleistungen oder Produkte ver\u00f6ffentlicht wird, ein Cookie im Browser installiert wird, der uns hilft, anschlie\u00dfend Werbung im Zusammenhang mit der von Ihnen durchgef\u00fchrten Suche anzuzeigen. Entwickeln Sie eine Kontrolle \u00fcber unsere Anzeigen, z. B. in Bezug auf die H\u00e4ufigkeit, mit der sie angezeigt werden, den Ort, an dem sie angezeigt werden, die Uhrzeit, zu der sie angezeigt werden usw.<\/p><h3 class=\"wp-block-heading\">Deaktivierung oder L\u00f6schung von Cookies<\/h3><p>Sie k\u00f6nnen jederzeit von Ihrem Recht Gebrauch machen, Cookies von dieser Website zu deaktivieren oder zu l\u00f6schen. Diese Aktionen werden je nach verwendetem Browser unterschiedlich ausgef\u00fchrt. Hier finden Sie eine Kurzanleitung zu den beliebtesten Browsern. (Abschnitt 3)<\/p><h3 class=\"wp-block-heading\">Zus\u00e4tzliche Hinweise<\/h3><p>Weder diese Website noch ihre gesetzlichen Vertreter sind f\u00fcr den Inhalt oder die Richtigkeit der Datenschutzrichtlinien der in dieser Cookie-Richtlinie genannten Dritten verantwortlich.<\/p><p>Webbrowser sind f\u00fcr die Speicherung von Cookies zust\u00e4ndig. Auf dieser Website m\u00fcssen Sie von Ihrem Recht Gebrauch machen, Cookies zu l\u00f6schen oder zu deaktivieren. Weder diese Website noch ihre gesetzlichen Vertreter k\u00f6nnen den korrekten oder falschen Umgang mit Cookies durch diese Browser garantieren.<\/p><p>In manchen F\u00e4llen ist die Installation von Cookies erforderlich, damit der Browser Ihre Entscheidung, diese nicht zu akzeptieren, nicht vergisst.<\/p><p>Im Falle von Google Analytics-Cookies speichert dieses Unternehmen die Cookies auf Servern in den Vereinigten Staaten und verpflichtet sich, sie nicht an Dritte weiterzugeben, au\u00dfer in F\u00e4llen, in denen dies f\u00fcr den Betrieb des Systems erforderlich ist oder dies gesetzlich vorgeschrieben ist. Wirkung. Google Inc. ist ein Unternehmen, das die Anforderungen erf\u00fcllt\u00a0<a href=\"https:\/\/www.privacyshield.gov\/list\" target=\"_blank\" rel=\"noreferrer noopener\">Datenschutzschild<\/a>\u00a0Dies garantiert, dass alle \u00fcbertragenen Daten mit einem Schutzniveau behandelt werden, das den europ\u00e4ischen Vorschriften entspricht. Detaillierte Informationen finden Sie unter\u00a0<a href=\"https:\/\/www.privacyshield.gov\/welcome\" target=\"_blank\" rel=\"noreferrer noopener\">diesen Link<\/a>\u00a0(1). Wenn Sie Informationen \u00fcber die Verwendung von Cookies durch Google Analytics w\u00fcnschen, f\u00fcgen wir diese bei\u00a0<a href=\"https:\/\/developers.google.com\/analytics\/devguides\/collection\/analyticsjs\/cookie-usage?hl=es&amp;csw=1\" target=\"_blank\" rel=\"noreferrer noopener\">dieser andere Link<\/a>\u00a0(2)<\/p><p>Wenn Sie Fragen zu dieser Cookie-Richtlinie haben, z\u00f6gern Sie nicht, uns \u00fcber den Kontaktbereich zu kontaktieren.<\/p><h3 class=\"wp-block-heading\">Abschnitt 2<\/h3><p>Weitere Informationen zu Cookies<\/p><h3 class=\"wp-block-heading\">Was ist ein Cookie?<\/h3><p>Ein Cookie ist eine harmlose Textdatei, die in Ihrem Browser gespeichert wird, wenn Sie fast jede Webseite besuchen. Der Nutzen von Cookies besteht darin, dass sich die Website an Ihren Besuch erinnern kann, wenn Sie zum Durchsuchen dieser Seite zur\u00fcckkehren. Obwohl viele Menschen es nicht wissen, werden Cookies bereits seit 20 Jahren verwendet, als die ersten Browser f\u00fcr das World Wide Web auf den Markt kamen.<\/p><h3 class=\"wp-block-heading\">Was ist kein Cookie?<\/h3><p>Es handelt sich weder um einen Virus, noch um einen Trojaner, noch um einen Wurm, noch um Spam, noch um Spyware, noch werden Popup-Fenster ge\u00f6ffnet.<\/p><h3 class=\"wp-block-heading\">Welche Informationen speichert ein Cookie?<\/h3><p>Cookies speichern normalerweise keine sensiblen Informationen \u00fcber Sie, wie z. B. Kreditkarten- oder Bankdaten, Fotos, Ihren Ausweis oder pers\u00f6nliche Daten usw. Die von ihnen gespeicherten Daten sind technischer Natur, pers\u00f6nliche Vorlieben, Personalisierung von Inhalten usw.<\/p><p>Der Webserver verbindet Sie nicht als Person, sondern mit Ihrem Webbrowser. Wenn Sie normalerweise mit dem Internet Explorer surfen und versuchen, dieselbe Website mit Firefox oder Chrome zu durchsuchen, werden Sie feststellen, dass die Website nicht erkennt, dass Sie dieselbe Person sind, da sie tats\u00e4chlich den Browser und nicht die Person zuordnet.<\/p><h3 class=\"wp-block-heading\">Welche Arten von Cookies gibt es?<\/h3><p><strong>Technische Cookies<\/strong>\u00a0: Sie sind die grundlegendsten und erm\u00f6glichen unter anderem zu wissen, wann ein Mensch oder eine automatisierte Anwendung surft, wann ein anonymer Benutzer und ein registrierter Benutzer surfen, grundlegende Aufgaben f\u00fcr den Betrieb einer dynamischen Website.<\/p><p><strong>Analyse-Cookies<\/strong>\u00a0: Sie sammeln Informationen \u00fcber die Art des Surfens, die Abschnitte, die Sie am h\u00e4ufigsten nutzen, die konsultierten Produkte, den Zeitraum der Nutzung, die Sprache usw.<\/p><p><strong>Werbe-Cookies<\/strong>\u00a0: Sie zeigen Werbung basierend auf Ihrem Surfverhalten, Ihrem Herkunftsland, Ihrer Sprache usw. an.<\/p><h3 class=\"wp-block-heading\">Was sind Erstanbieter- und Drittanbieter-Cookies?<\/h3><p>Eigene Cookies werden von der von Ihnen besuchten Seite generiert und Cookies von Drittanbietern werden von externen Diensten oder Anbietern wie Facebook, Twitter, Google usw. generiert.<\/p><h3 class=\"wp-block-heading\">Was passiert, wenn Sie Cookies deaktivieren?<\/h3><p>Damit Sie verstehen, welchen Umfang die Deaktivierung von Cookies haben kann, zeigen wir Ihnen einige Beispiele:<\/p><p>Sie d\u00fcrfen Inhalte dieser Website nicht auf Facebook, Twitter oder einem anderen sozialen Netzwerk teilen.<\/p><p>Die Website ist nicht in der Lage, den Inhalt an Ihre pers\u00f6nlichen Vorlieben anzupassen, wie es bei Online-Shops h\u00e4ufig der Fall ist.<\/p><p>Sie haben keinen Zugriff auf den pers\u00f6nlichen Bereich dieser Website, wie z. B. \u201eMein Konto\u201c, \u201eMein Profil\u201c oder \u201eMeine Bestellungen\u201c.<\/p><p>Online-Shops: Es ist f\u00fcr Sie nicht m\u00f6glich, Eink\u00e4ufe online zu t\u00e4tigen. Sie m\u00fcssen diese telefonisch oder, sofern verf\u00fcgbar, im physischen Gesch\u00e4ft t\u00e4tigen.<\/p><p>Es ist nicht m\u00f6glich, Ihre geografischen Pr\u00e4ferenzen wie Zeitzone, W\u00e4hrung oder Sprache anzupassen.<\/p><p>Die Website wird nicht in der Lage sein, Webanalysen zu Besuchern und Verkehr auf der Website durchzuf\u00fchren, was die Wettbewerbsf\u00e4higkeit der Website erschwert.<\/p><p>Sie k\u00f6nnen nicht auf dem Blog schreiben, keine Fotos hochladen, keine Kommentare posten, Inhalte bewerten oder bewerten. Die Website kann auch nicht erkennen, ob Sie ein Mensch oder eine automatisierte Anwendung sind, die Spam ver\u00f6ffentlicht.<\/p><p>Sektorisierte Werbung kann nicht angezeigt werden, wodurch sich die Werbeeinnahmen der Website verringern.<\/p><p>Alle sozialen Netzwerke verwenden Cookies. Wenn Sie diese deaktivieren, k\u00f6nnen Sie kein soziales Netzwerk nutzen.<\/p><h3 class=\"wp-block-heading\">K\u00f6nnen Cookies gel\u00f6scht werden?<\/h3><p>Ja. Nicht nur l\u00f6schen, sondern auch allgemein oder speziell f\u00fcr eine bestimmte Domain sperren.<\/p><p>Um Cookies von einer Website zu l\u00f6schen, m\u00fcssen Sie zu Ihren Browsereinstellungen gehen und dort nach Cookies suchen, die mit der betreffenden Domain verkn\u00fcpft sind, und mit dem L\u00f6schen fortfahren.<\/p><h3 class=\"wp-block-heading\">Abschnitt 3<\/h3><h3 class=\"wp-block-heading\">Cookie-Einstellungen f\u00fcr die g\u00e4ngigsten Browser<\/h3><p>So greifen Sie auf ein bestimmtes Browser-Cookie zu\u00a0<strong>Chrom<\/strong>\u00a0.<br \/>Hinweis: Diese Schritte k\u00f6nnen je nach Browserversion variieren:<\/p><ul><li>Gehen Sie \u00fcber das Men\u00fc \u201eDatei\u201c oder durch Tippen auf das Personalisierungssymbol oben rechts zu \u201eEinstellungen\u201c oder \u201eEinstellungen\u201c.<\/li><li>Sie sehen verschiedene Abschnitte. Klicken Sie auf die Option Erweiterte Optionen anzeigen.<\/li><li>Gehen Sie zu Datenschutz, Inhaltseinstellungen.<\/li><li>W\u00e4hlen Sie \u201eAlle Cookies und Websitedaten\u201c aus.<\/li><\/ul><p>Es erscheint eine Liste mit allen nach Domain geordneten Cookies. Um Ihnen das Auffinden von Cookies einer bestimmten Domain zu erleichtern, geben Sie einen Teil oder die gesamte Adresse in das Feld \u201eCookies suchen\u201c ein.<\/p><p>Nach Durchf\u00fchrung dieses Filters erscheinen auf dem Bildschirm eine oder mehrere Zeilen mit den Cookies der angeforderten Website. Jetzt m\u00fcssen Sie es nur noch ausw\u00e4hlen und den Xper dr\u00fccken, um mit dem Entfernen fortzufahren.<\/p><p>Um auf die Cookie-Einstellungen des Browsers zuzugreifen\u00a0<strong>Firefox<\/strong>\u00a0Befolgen Sie diese Schritte (sie k\u00f6nnen je nach Browserversion variieren):<\/p><ul><li>Gehen Sie je nach Betriebssystem zu Optionen oder Einstellungen.<\/li><li>Klicken Sie auf Datenschutz.<\/li><li>W\u00e4hlen Sie unter \u201eVerlauf\u201c die Option \u201eBenutzerdefinierte Einstellungen f\u00fcr den Verlauf verwenden\u201c aus.<\/li><li>Nun sehen Sie die Option \u201eCookies akzeptieren\u201c, die Sie je nach Ihren Pr\u00e4ferenzen aktivieren oder deaktivieren k\u00f6nnen.<\/li><\/ul><p>Um auf die Cookie-Einstellungen des Browsers zuzugreifen\u00a0<strong>Safari<\/strong>\u00a0Befolgen Sie f\u00fcr OSX diese Schritte (sie k\u00f6nnen je nach Browserversion variieren):<\/p><ul><li>Gehen Sie zu \u201eEinstellungen\u201c und dann zu \u201eDatenschutz\u201c.<\/li><li>Auf dieser Website sehen Sie die Option \u201eCookies blockieren\u201c, sodass Sie die Art der Blockierung anpassen k\u00f6nnen, die Sie durchf\u00fchren m\u00f6chten.<\/li><\/ul><p>Um auf die Cookie-Einstellungen des Browsers zuzugreifen\u00a0<strong>Safari f\u00fcr iOS<\/strong>\u00a0Befolgen Sie diese Schritte (sie k\u00f6nnen je nach Browserversion variieren):<\/p><ul><li>Gehen Sie zu Einstellungen und dann zu Safari.<\/li><li>Gehen Sie zu Datenschutz und Sicherheit. Dort wird die Option \u201eCookies blockieren\u201c angezeigt, sodass Sie die Art der Blockierung anpassen k\u00f6nnen, die Sie durchf\u00fchren m\u00f6chten.<\/li><\/ul><p>Um auf Browser-Cookie-Einstellungen f\u00fcr Ger\u00e4te zuzugreifen\u00a0<strong>Android<\/strong>\u00a0Befolgen Sie diese Schritte (sie k\u00f6nnen je nach Browserversion variieren):<\/p><ul><li>Starten Sie den Browser und dr\u00fccken Sie die Men\u00fctaste und dann Einstellungen.<\/li><li>Gehen Sie zu Sicherheit und Datenschutz. Dort wird die Option \u201eCookies akzeptieren\u201c angezeigt, mit der Sie das K\u00e4stchen aktivieren oder deaktivieren k\u00f6nnen.<\/li><\/ul><p>Um auf Browser-Cookie-Einstellungen f\u00fcr Ger\u00e4te zuzugreifen\u00a0<strong>Windows Phone<\/strong>\u00a0Befolgen Sie diese Schritte (sie k\u00f6nnen je nach Browserversion variieren):<\/p><p>\u00d6ffnen Sie den Browser, dann \u201eMehr\u201c und dann \u201eEinstellungen\u201c.<br \/>Sie k\u00f6nnen jetzt das Kontrollk\u00e4stchen \u201eCookies zulassen\u201c aktivieren oder deaktivieren.<\/p>\t\t\t\t\t\t\t\t<\/div>\n\t\t\t\t<\/div>\n\t\t\t\t\t<\/div>\n\t\t\t\t<\/div>\n\t\t\t\t<\/div>","protected":false},"excerpt":{"rendered":"<p>Apartado 1 Una\u00a0cookie\u00a0es un peque\u00f1o archivo de texto que se almacena en su navegador cuando visita casi cualquier p\u00e1gina web.\u00a0Su utilidad es que la web sea capaz de recordar su visita cuando vuelva a navegar por esta p\u00e1gina.\u00a0Las cookies suelen almacenar informaci\u00f3n de car\u00e1cter t\u00e9cnico, preferencias personales, personalizaci\u00f3n de contenidos, estad\u00edsticas de uso, enlaces a [&hellip;]<\/p>\n","protected":false},"author":1,"featured_media":0,"parent":0,"menu_order":0,"comment_status":"closed","ping_status":"closed","template":"","meta":{"footnotes":""},"class_list":["post-18","page","type-page","status-publish","hentry"],"yoast_head":"<!-- This site is optimized with the Yoast SEO plugin v27.1.1 - https:\/\/yoast.com\/product\/yoast-seo-wordpress\/ -->\n<title>Pol\u00edtica de cookies - Ebanonatur<\/title>\n<meta name=\"robots\" content=\"index, follow, max-snippet:-1, max-image-preview:large, max-video-preview:-1\" \/>\n<link rel=\"canonical\" href=\"https:\/\/ebanonatur-plantaloe.com\/de\/politica-de-cookies\/\" \/>\n<meta property=\"og:locale\" content=\"de_DE\" \/>\n<meta property=\"og:type\" content=\"article\" \/>\n<meta property=\"og:title\" content=\"Pol\u00edtica de cookies - Ebanonatur\" \/>\n<meta property=\"og:description\" content=\"Apartado 1 Una\u00a0cookie\u00a0es un peque\u00f1o archivo de texto que se almacena en su navegador cuando visita casi cualquier p\u00e1gina web.\u00a0Su utilidad es que la web sea capaz de recordar su visita cuando vuelva a navegar por esta p\u00e1gina.\u00a0Las cookies suelen almacenar informaci\u00f3n de car\u00e1cter t\u00e9cnico, preferencias personales, personalizaci\u00f3n de contenidos, estad\u00edsticas de uso, enlaces a [&hellip;]\" \/>\n<meta property=\"og:url\" content=\"https:\/\/ebanonatur-plantaloe.com\/de\/politica-de-cookies\/\" \/>\n<meta property=\"og:site_name\" content=\"Ebanonatur\" \/>\n<meta property=\"article:modified_time\" content=\"2024-10-11T09:58:46+00:00\" \/>\n<meta name=\"twitter:card\" content=\"summary_large_image\" \/>\n<meta name=\"twitter:label1\" content=\"Gesch\u00e4tzte Lesezeit\" \/>\n\t<meta name=\"twitter:data1\" content=\"8\u00a0Minuten\" \/>\n<script type=\"application\/ld+json\" class=\"yoast-schema-graph\">{\"@context\":\"https:\/\/schema.org\",\"@graph\":[{\"@type\":\"WebPage\",\"@id\":\"https:\/\/ebanonatur-plantaloe.com\/politica-de-cookies\/\",\"url\":\"https:\/\/ebanonatur-plantaloe.com\/politica-de-cookies\/\",\"name\":\"Pol\u00edtica de cookies - Ebanonatur\",\"isPartOf\":{\"@id\":\"https:\/\/ebanonatur-plantaloe.com\/#website\"},\"datePublished\":\"2024-10-11T09:58:45+00:00\",\"dateModified\":\"2024-10-11T09:58:46+00:00\",\"breadcrumb\":{\"@id\":\"https:\/\/ebanonatur-plantaloe.com\/politica-de-cookies\/#breadcrumb\"},\"inLanguage\":\"de\",\"potentialAction\":[{\"@type\":\"ReadAction\",\"target\":[\"https:\/\/ebanonatur-plantaloe.com\/politica-de-cookies\/\"]}]},{\"@type\":\"BreadcrumbList\",\"@id\":\"https:\/\/ebanonatur-plantaloe.com\/politica-de-cookies\/#breadcrumb\",\"itemListElement\":[{\"@type\":\"ListItem\",\"position\":1,\"name\":\"Portada\",\"item\":\"https:\/\/ebanonatur-plantaloe.com\/\"},{\"@type\":\"ListItem\",\"position\":2,\"name\":\"Pol\u00edtica de cookies\"}]},{\"@type\":\"WebSite\",\"@id\":\"https:\/\/ebanonatur-plantaloe.com\/#website\",\"url\":\"https:\/\/ebanonatur-plantaloe.com\/\",\"name\":\"Ebanonatur\",\"description\":\"Productos naturales de aloe vera para el cuidado de la piel\",\"potentialAction\":[{\"@type\":\"SearchAction\",\"target\":{\"@type\":\"EntryPoint\",\"urlTemplate\":\"https:\/\/ebanonatur-plantaloe.com\/?s={search_term_string}\"},\"query-input\":{\"@type\":\"PropertyValueSpecification\",\"valueRequired\":true,\"valueName\":\"search_term_string\"}}],\"inLanguage\":\"de\"}]}<\/script>\n<!-- \/ Yoast SEO plugin. -->","yoast_head_json":{"title":"Pol\u00edtica de cookies - Ebanonatur","robots":{"index":"index","follow":"follow","max-snippet":"max-snippet:-1","max-image-preview":"max-image-preview:large","max-video-preview":"max-video-preview:-1"},"canonical":"https:\/\/ebanonatur-plantaloe.com\/de\/politica-de-cookies\/","og_locale":"de_DE","og_type":"article","og_title":"Pol\u00edtica de cookies - Ebanonatur","og_description":"Apartado 1 Una\u00a0cookie\u00a0es un peque\u00f1o archivo de texto que se almacena en su navegador cuando visita casi cualquier p\u00e1gina web.\u00a0Su utilidad es que la web sea capaz de recordar su visita cuando vuelva a navegar por esta p\u00e1gina.\u00a0Las cookies suelen almacenar informaci\u00f3n de car\u00e1cter t\u00e9cnico, preferencias personales, personalizaci\u00f3n de contenidos, estad\u00edsticas de uso, enlaces a [&hellip;]","og_url":"https:\/\/ebanonatur-plantaloe.com\/de\/politica-de-cookies\/","og_site_name":"Ebanonatur","article_modified_time":"2024-10-11T09:58:46+00:00","twitter_card":"summary_large_image","twitter_misc":{"Gesch\u00e4tzte Lesezeit":"8\u00a0Minuten"},"schema":{"@context":"https:\/\/schema.org","@graph":[{"@type":"WebPage","@id":"https:\/\/ebanonatur-plantaloe.com\/politica-de-cookies\/","url":"https:\/\/ebanonatur-plantaloe.com\/politica-de-cookies\/","name":"Pol\u00edtica de cookies - Ebanonatur","isPartOf":{"@id":"https:\/\/ebanonatur-plantaloe.com\/#website"},"datePublished":"2024-10-11T09:58:45+00:00","dateModified":"2024-10-11T09:58:46+00:00","breadcrumb":{"@id":"https:\/\/ebanonatur-plantaloe.com\/politica-de-cookies\/#breadcrumb"},"inLanguage":"de","potentialAction":[{"@type":"ReadAction","target":["https:\/\/ebanonatur-plantaloe.com\/politica-de-cookies\/"]}]},{"@type":"BreadcrumbList","@id":"https:\/\/ebanonatur-plantaloe.com\/politica-de-cookies\/#breadcrumb","itemListElement":[{"@type":"ListItem","position":1,"name":"Portada","item":"https:\/\/ebanonatur-plantaloe.com\/"},{"@type":"ListItem","position":2,"name":"Pol\u00edtica de cookies"}]},{"@type":"WebSite","@id":"https:\/\/ebanonatur-plantaloe.com\/#website","url":"https:\/\/ebanonatur-plantaloe.com\/","name":"Ebanonatur","description":"Nat\u00fcrliche Aloe Vera-Hautpflegeprodukte","potentialAction":[{"@type":"SearchAction","target":{"@type":"EntryPoint","urlTemplate":"https:\/\/ebanonatur-plantaloe.com\/?s={search_term_string}"},"query-input":{"@type":"PropertyValueSpecification","valueRequired":true,"valueName":"search_term_string"}}],"inLanguage":"de"}]}},"_links":{"self":[{"href":"https:\/\/ebanonatur-plantaloe.com\/de\/wp-json\/wp\/v2\/pages\/18","targetHints":{"allow":["GET"]}}],"collection":[{"href":"https:\/\/ebanonatur-plantaloe.com\/de\/wp-json\/wp\/v2\/pages"}],"about":[{"href":"https:\/\/ebanonatur-plantaloe.com\/de\/wp-json\/wp\/v2\/types\/page"}],"author":[{"embeddable":true,"href":"https:\/\/ebanonatur-plantaloe.com\/de\/wp-json\/wp\/v2\/users\/1"}],"replies":[{"embeddable":true,"href":"https:\/\/ebanonatur-plantaloe.com\/de\/wp-json\/wp\/v2\/comments?post=18"}],"version-history":[{"count":4,"href":"https:\/\/ebanonatur-plantaloe.com\/de\/wp-json\/wp\/v2\/pages\/18\/revisions"}],"predecessor-version":[{"id":36,"href":"https:\/\/ebanonatur-plantaloe.com\/de\/wp-json\/wp\/v2\/pages\/18\/revisions\/36"}],"wp:attachment":[{"href":"https:\/\/ebanonatur-plantaloe.com\/de\/wp-json\/wp\/v2\/media?parent=18"}],"curies":[{"name":"wp","href":"https:\/\/api.w.org\/{rel}","templated":true}]}}