{"id":15,"date":"2024-10-11T09:58:45","date_gmt":"2024-10-11T09:58:45","guid":{"rendered":"https:\/\/ebanonatur-plantaloe.com\/declaracion-de-accesibilidad\/"},"modified":"2024-10-14T18:04:55","modified_gmt":"2024-10-14T18:04:55","slug":"declaracion-de-accesibilidad","status":"publish","type":"page","link":"https:\/\/ebanonatur-plantaloe.com\/de\/declaracion-de-accesibilidad\/","title":{"rendered":"Erkl\u00e4rung zur Barrierefreiheit"},"content":{"rendered":"<style>.elementor-15 .elementor-element.elementor-element-13fdff2{--display:flex;--min-height:266px;--flex-direction:row;--container-widget-width:calc( ( 1 - var( --container-widget-flex-grow ) ) * 100% );--container-widget-height:100%;--container-widget-flex-grow:1;--container-widget-align-self:stretch;--flex-wrap-mobile:wrap;--align-items:stretch;--gap:10px 10px;--row-gap:10px;--column-gap:10px;--overlay-opacity:0.8;--padding-top:0em;--padding-bottom:0em;--padding-left:0em;--padding-right:0em;}.elementor-15 .elementor-element.elementor-element-13fdff2:not(.elementor-motion-effects-element-type-background), .elementor-15 .elementor-element.elementor-element-13fdff2 > .elementor-motion-effects-container > .elementor-motion-effects-layer{background-color:var( --e-global-color-primary );}.elementor-15 .elementor-element.elementor-element-13fdff2::before, .elementor-15 .elementor-element.elementor-element-13fdff2 > .elementor-background-video-container::before, .elementor-15 .elementor-element.elementor-element-13fdff2 > .e-con-inner > .elementor-background-video-container::before, .elementor-15 .elementor-element.elementor-element-13fdff2 > .elementor-background-slideshow::before, .elementor-15 .elementor-element.elementor-element-13fdff2 > .e-con-inner > .elementor-background-slideshow::before, .elementor-15 .elementor-element.elementor-element-13fdff2 > .elementor-motion-effects-container > .elementor-motion-effects-layer::before{--background-overlay:'';}.elementor-15 .elementor-element.elementor-element-6752aa14{--display:flex;--flex-direction:row;--container-widget-width:calc( ( 1 - var( --container-widget-flex-grow ) ) * 100% );--container-widget-height:100%;--container-widget-flex-grow:1;--container-widget-align-self:stretch;--flex-wrap-mobile:wrap;--justify-content:space-between;--align-items:center;--flex-wrap:wrap;--padding-top:7em;--padding-bottom:7em;--padding-left:0em;--padding-right:0em;}.elementor-15 .elementor-element.elementor-element-2950c6d1{text-align:start;width:100%;max-width:100%;}.elementor-15 .elementor-element.elementor-element-2950c6d1 .elementor-heading-title{color:#FFFFFF;}.elementor-15 .elementor-element.elementor-element-1f398d73{--display:flex;--padding-top:4em;--padding-bottom:04em;--padding-left:2em;--padding-right:2em;}:root{--page-title-display:none;}@media(max-width:1024px){.elementor-15 .elementor-element.elementor-element-13fdff2{--min-height:186px;--padding-top:0px;--padding-bottom:0px;--padding-left:30px;--padding-right:30px;}.elementor-15 .elementor-element.elementor-element-6752aa14{--padding-top:5em;--padding-bottom:5em;--padding-left:0em;--padding-right:0em;}}@media(max-width:767px){.elementor-15 .elementor-element.elementor-element-13fdff2{--min-height:138px;--justify-content:center;--margin-top:0em;--margin-bottom:0em;--margin-left:0em;--margin-right:0em;--padding-top:0em;--padding-bottom:0em;--padding-left:0em;--padding-right:0em;}.elementor-15 .elementor-element.elementor-element-6752aa14{--flex-direction:column;--container-widget-width:100%;--container-widget-height:initial;--container-widget-flex-grow:0;--container-widget-align-self:initial;--flex-wrap-mobile:wrap;--justify-content:center;--padding-top:3em;--padding-bottom:3em;--padding-left:1em;--padding-right:1em;}.elementor-15 .elementor-element.elementor-element-2950c6d1{text-align:center;}}<\/style>\t\t<div data-elementor-type=\"wp-page\" data-elementor-id=\"15\" class=\"elementor elementor-15\" data-elementor-post-type=\"page\">\n\t\t\t\t<div class=\"elementor-element elementor-element-13fdff2 e-flex e-con-boxed e-con e-parent\" data-id=\"13fdff2\" data-element_type=\"container\" data-e-type=\"container\" data-settings=\"{&quot;background_background&quot;:&quot;classic&quot;}\">\n\t\t\t\t\t<div class=\"e-con-inner\">\n\t\t<div class=\"elementor-element elementor-element-6752aa14 e-con-full e-flex e-con e-child\" data-id=\"6752aa14\" data-element_type=\"container\" data-e-type=\"container\">\n\t\t\t\t<div class=\"elementor-element elementor-element-2950c6d1 elementor-widget__width-inherit elementor-widget elementor-widget-heading\" data-id=\"2950c6d1\" data-element_type=\"widget\" data-e-type=\"widget\" data-widget_type=\"heading.default\">\n\t\t\t\t<div class=\"elementor-widget-container\">\n\t\t\t\t\t<h1 class=\"elementor-heading-title elementor-size-default\">Erkl\u00e4rung zur Barrierefreiheit<\/h1>\t\t\t\t<\/div>\n\t\t\t\t<\/div>\n\t\t\t\t<\/div>\n\t\t\t\t\t<\/div>\n\t\t\t\t<\/div>\n\t\t<div class=\"elementor-element elementor-element-1f398d73 e-flex e-con-boxed e-con e-parent\" data-id=\"1f398d73\" data-element_type=\"container\" data-e-type=\"container\">\n\t\t\t\t\t<div class=\"e-con-inner\">\n\t\t\t\t<div class=\"elementor-element elementor-element-6baeaae2 elementor-widget elementor-widget-text-editor\" data-id=\"6baeaae2\" data-element_type=\"widget\" data-e-type=\"widget\" data-widget_type=\"text-editor.default\">\n\t\t\t\t<div class=\"elementor-widget-container\">\n\t\t\t\t\t\t\t\t\t<p>VICTOR FERNANDO ARROCHA HERNANDEZ mit NIF 43621322M hat sich verpflichtet, seine Website gem\u00e4\u00df dem K\u00f6niglichen Erlass 1112\/2018 vom 7. September \u00fcber die Barrierefreiheit von Websites und Anwendungen f\u00fcr mobile Ger\u00e4te im \u00f6ffentlichen Sektor zug\u00e4nglich zu machen. Diese Erkl\u00e4rung zur Barrierefreiheit gilt f\u00fcr diese Website.<\/p>\n<h3>Compliance-Status<\/h3>\n<p>Diese Website wurde gem\u00e4\u00df RD 1112\/2018 entwickelt<\/p>\n<h3>Vorbereitung f\u00fcr die n\u00e4chste Erkl\u00e4rung zur Barrierefreiheit<\/h3>\n<p>Diese Erkl\u00e4rung wurde am 20. Mai 2023 erstellt.<\/p>\n<p>Als Methode zur Erstellung der Erkl\u00e4rung diente eine Selbsteinsch\u00e4tzung.<\/p>\n<h3>Optionaler Inhalt<\/h3>\n<p>Sie k\u00f6nnen Mitteilungen \u00fcber Barrierefreiheitsanforderungen (Artikel 10.2.a von RD 1112\/2018) machen, wie zum Beispiel:<\/p>\n<ul>\n<li>Melden Sie jeden m\u00f6glichen Versto\u00df auf dieser Website<\/li>\n<li>\u00dcbertragen Sie andere Schwierigkeiten beim Zugriff auf Inhalte<\/li>\n<li>Formulieren Sie alle anderen Fragen oder Verbesserungsvorschl\u00e4ge bez\u00fcglich der Zug\u00e4nglichkeit der Website \u00fcber die&nbsp;<a href=\"\/de\/contacto\/\">Kontaktformular<\/a> von dieser Website oder \u00fcber die Telefonnummer: ???<\/li>\n<\/ul>\n<p>Sie k\u00f6nnen Folgendes vorlegen:<\/p>\n<ul>\n<li>Beschwerde bez\u00fcglich der Einhaltung der Anforderungen von RD 1112\/2018<\/li>\n<li>Anfrage nach barrierefreien Informationen zu:\n<ul>\n<li>Inhalte, die gem\u00e4\u00df den Bestimmungen in Artikel 3, Abschnitt 4 vom Anwendungsbereich der RD 1112\/2018 ausgeschlossen sind<\/li>\n<li>Inhalte, die von der Einhaltung der Barrierefreiheitsanforderungen ausgenommen sind, stellen eine unverh\u00e4ltnism\u00e4\u00dfige Belastung dar<\/li>\n<li>Im Antrag auf barrierefreie Informationen m\u00fcssen die Fakten, Gr\u00fcnde und der Antrag klar dargelegt werden, sodass \u00fcberpr\u00fcft werden kann, ob es sich um einen angemessenen und legitimen Antrag handelt.<\/li>\n<\/ul>\n<\/li>\n<\/ul>\n<p>Beschwerden und Anspr\u00fcche zu zug\u00e4nglichen Informationen werden \u00fcber die elektronische Zentrale eingereicht (<a href=\"https:\/\/sede.red.gob.es\/procedimientos\/quejas-y-sugerencias\" target=\"_blank\" rel=\"noreferrer noopener\">https:\/\/sede.red.gob.es\/procedimientos\/quejas-y-sugerencias<\/a>) und werden vom Bereich Informationssysteme von Red.es empfangen und verarbeitet.<\/p>\n<h3>Beobachtungen und Kontaktinformationen<\/h3>\n<ul>\n<li>Wenn Sie die Schriftgr\u00f6\u00dfe des Textes in den wichtigsten grafischen Browsern \u00e4ndern m\u00f6chten, verwenden Sie die folgenden Men\u00fcs:<\/li>\n<li>Safari: Ansicht &gt; Text vergr\u00f6\u00dfern<\/li>\n<li>Chrome: Aktuelle Seite steuern &gt; Textgr\u00f6\u00dfe<\/li>\n<\/ul>\n<p>So \u00e4ndern Sie die Gr\u00f6\u00dfe aller Elemente auf der Seite:<\/p>\n<ul>\n<li>Strg++, um es zu erh\u00f6hen<\/li>\n<li>Strg + \u2013 um es zu verringern<\/li>\n<li>Strg + 0 stellt die urspr\u00fcngliche Textgr\u00f6\u00dfe wieder her<\/li>\n<li>Wenn Sie das Stylesheet \u00fcberschreiben oder die Textfarbe \u00e4ndern m\u00f6chten, k\u00f6nnen Sie die Seite \u201eSo \u00e4ndern Sie Textgr\u00f6\u00dfe oder -farben\u201c des WAI konsultieren, die ins Spanische \u00fcbersetzt unter \u201eWie \u00e4ndere ich die Textgr\u00f6\u00dfe oder -farben?\u201c gelesen werden kann.<\/li>\n<\/ul>\t\t\t\t\t\t\t\t<\/div>\n\t\t\t\t<\/div>\n\t\t\t\t\t<\/div>\n\t\t\t\t<\/div>\n\t\t\t\t<\/div>","protected":false},"excerpt":{"rendered":"<p>VICTOR FERNANDO ARROCHA HERNANDEZ con NIF 43621322M se ha comprometido a hacer accesible su sitio web, de conformidad con el Real Decreto 1112\/2018, de 7 de septiembre, sobre accesibilidad de los sitios web y aplicaciones para dispositivos m\u00f3viles del sector p\u00fablico. Esta declaraci\u00f3n de accesibilidad se aplica a esta web. Situaci\u00f3n de cumplimiento Este sitio [&hellip;]<\/p>\n","protected":false},"author":1,"featured_media":0,"parent":0,"menu_order":0,"comment_status":"closed","ping_status":"closed","template":"","meta":{"footnotes":""},"class_list":["post-15","page","type-page","status-publish","hentry"],"yoast_head":"<!-- This site is optimized with the Yoast SEO plugin v27.1.1 - https:\/\/yoast.com\/product\/yoast-seo-wordpress\/ -->\n<title>Declaraci\u00f3n de accesibilidad - Ebanonatur<\/title>\n<meta name=\"robots\" content=\"index, follow, max-snippet:-1, max-image-preview:large, max-video-preview:-1\" \/>\n<link rel=\"canonical\" href=\"https:\/\/ebanonatur-plantaloe.com\/de\/declaracion-de-accesibilidad\/\" \/>\n<meta property=\"og:locale\" content=\"de_DE\" \/>\n<meta property=\"og:type\" content=\"article\" \/>\n<meta property=\"og:title\" content=\"Declaraci\u00f3n de accesibilidad - Ebanonatur\" \/>\n<meta property=\"og:description\" content=\"VICTOR FERNANDO ARROCHA HERNANDEZ con NIF 43621322M se ha comprometido a hacer accesible su sitio web, de conformidad con el Real Decreto 1112\/2018, de 7 de septiembre, sobre accesibilidad de los sitios web y aplicaciones para dispositivos m\u00f3viles del sector p\u00fablico. Esta declaraci\u00f3n de accesibilidad se aplica a esta web. Situaci\u00f3n de cumplimiento Este sitio [&hellip;]\" \/>\n<meta property=\"og:url\" content=\"https:\/\/ebanonatur-plantaloe.com\/de\/declaracion-de-accesibilidad\/\" \/>\n<meta property=\"og:site_name\" content=\"Ebanonatur\" \/>\n<meta property=\"article:modified_time\" content=\"2024-10-14T18:04:55+00:00\" \/>\n<meta name=\"twitter:card\" content=\"summary_large_image\" \/>\n<meta name=\"twitter:label1\" content=\"Gesch\u00e4tzte Lesezeit\" \/>\n\t<meta name=\"twitter:data1\" content=\"2\u00a0Minuten\" \/>\n<script type=\"application\/ld+json\" class=\"yoast-schema-graph\">{\"@context\":\"https:\/\/schema.org\",\"@graph\":[{\"@type\":\"WebPage\",\"@id\":\"https:\/\/ebanonatur-plantaloe.com\/declaracion-de-accesibilidad\/\",\"url\":\"https:\/\/ebanonatur-plantaloe.com\/declaracion-de-accesibilidad\/\",\"name\":\"Declaraci\u00f3n de accesibilidad - Ebanonatur\",\"isPartOf\":{\"@id\":\"https:\/\/ebanonatur-plantaloe.com\/#website\"},\"datePublished\":\"2024-10-11T09:58:45+00:00\",\"dateModified\":\"2024-10-14T18:04:55+00:00\",\"breadcrumb\":{\"@id\":\"https:\/\/ebanonatur-plantaloe.com\/declaracion-de-accesibilidad\/#breadcrumb\"},\"inLanguage\":\"de\",\"potentialAction\":[{\"@type\":\"ReadAction\",\"target\":[\"https:\/\/ebanonatur-plantaloe.com\/declaracion-de-accesibilidad\/\"]}]},{\"@type\":\"BreadcrumbList\",\"@id\":\"https:\/\/ebanonatur-plantaloe.com\/declaracion-de-accesibilidad\/#breadcrumb\",\"itemListElement\":[{\"@type\":\"ListItem\",\"position\":1,\"name\":\"Portada\",\"item\":\"https:\/\/ebanonatur-plantaloe.com\/\"},{\"@type\":\"ListItem\",\"position\":2,\"name\":\"Declaraci\u00f3n de accesibilidad\"}]},{\"@type\":\"WebSite\",\"@id\":\"https:\/\/ebanonatur-plantaloe.com\/#website\",\"url\":\"https:\/\/ebanonatur-plantaloe.com\/\",\"name\":\"Ebanonatur\",\"description\":\"Productos naturales de aloe vera para el cuidado de la piel\",\"potentialAction\":[{\"@type\":\"SearchAction\",\"target\":{\"@type\":\"EntryPoint\",\"urlTemplate\":\"https:\/\/ebanonatur-plantaloe.com\/?s={search_term_string}\"},\"query-input\":{\"@type\":\"PropertyValueSpecification\",\"valueRequired\":true,\"valueName\":\"search_term_string\"}}],\"inLanguage\":\"de\"}]}<\/script>\n<!-- \/ Yoast SEO plugin. -->","yoast_head_json":{"title":"Declaraci\u00f3n de accesibilidad - Ebanonatur","robots":{"index":"index","follow":"follow","max-snippet":"max-snippet:-1","max-image-preview":"max-image-preview:large","max-video-preview":"max-video-preview:-1"},"canonical":"https:\/\/ebanonatur-plantaloe.com\/de\/declaracion-de-accesibilidad\/","og_locale":"de_DE","og_type":"article","og_title":"Declaraci\u00f3n de accesibilidad - Ebanonatur","og_description":"VICTOR FERNANDO ARROCHA HERNANDEZ con NIF 43621322M se ha comprometido a hacer accesible su sitio web, de conformidad con el Real Decreto 1112\/2018, de 7 de septiembre, sobre accesibilidad de los sitios web y aplicaciones para dispositivos m\u00f3viles del sector p\u00fablico. Esta declaraci\u00f3n de accesibilidad se aplica a esta web. Situaci\u00f3n de cumplimiento Este sitio [&hellip;]","og_url":"https:\/\/ebanonatur-plantaloe.com\/de\/declaracion-de-accesibilidad\/","og_site_name":"Ebanonatur","article_modified_time":"2024-10-14T18:04:55+00:00","twitter_card":"summary_large_image","twitter_misc":{"Gesch\u00e4tzte Lesezeit":"2\u00a0Minuten"},"schema":{"@context":"https:\/\/schema.org","@graph":[{"@type":"WebPage","@id":"https:\/\/ebanonatur-plantaloe.com\/declaracion-de-accesibilidad\/","url":"https:\/\/ebanonatur-plantaloe.com\/declaracion-de-accesibilidad\/","name":"Declaraci\u00f3n de accesibilidad - Ebanonatur","isPartOf":{"@id":"https:\/\/ebanonatur-plantaloe.com\/#website"},"datePublished":"2024-10-11T09:58:45+00:00","dateModified":"2024-10-14T18:04:55+00:00","breadcrumb":{"@id":"https:\/\/ebanonatur-plantaloe.com\/declaracion-de-accesibilidad\/#breadcrumb"},"inLanguage":"de","potentialAction":[{"@type":"ReadAction","target":["https:\/\/ebanonatur-plantaloe.com\/declaracion-de-accesibilidad\/"]}]},{"@type":"BreadcrumbList","@id":"https:\/\/ebanonatur-plantaloe.com\/declaracion-de-accesibilidad\/#breadcrumb","itemListElement":[{"@type":"ListItem","position":1,"name":"Portada","item":"https:\/\/ebanonatur-plantaloe.com\/"},{"@type":"ListItem","position":2,"name":"Declaraci\u00f3n de accesibilidad"}]},{"@type":"WebSite","@id":"https:\/\/ebanonatur-plantaloe.com\/#website","url":"https:\/\/ebanonatur-plantaloe.com\/","name":"Ebanonatur","description":"Nat\u00fcrliche Aloe Vera-Hautpflegeprodukte","potentialAction":[{"@type":"SearchAction","target":{"@type":"EntryPoint","urlTemplate":"https:\/\/ebanonatur-plantaloe.com\/?s={search_term_string}"},"query-input":{"@type":"PropertyValueSpecification","valueRequired":true,"valueName":"search_term_string"}}],"inLanguage":"de"}]}},"_links":{"self":[{"href":"https:\/\/ebanonatur-plantaloe.com\/de\/wp-json\/wp\/v2\/pages\/15","targetHints":{"allow":["GET"]}}],"collection":[{"href":"https:\/\/ebanonatur-plantaloe.com\/de\/wp-json\/wp\/v2\/pages"}],"about":[{"href":"https:\/\/ebanonatur-plantaloe.com\/de\/wp-json\/wp\/v2\/types\/page"}],"author":[{"embeddable":true,"href":"https:\/\/ebanonatur-plantaloe.com\/de\/wp-json\/wp\/v2\/users\/1"}],"replies":[{"embeddable":true,"href":"https:\/\/ebanonatur-plantaloe.com\/de\/wp-json\/wp\/v2\/comments?post=15"}],"version-history":[{"count":7,"href":"https:\/\/ebanonatur-plantaloe.com\/de\/wp-json\/wp\/v2\/pages\/15\/revisions"}],"predecessor-version":[{"id":1333,"href":"https:\/\/ebanonatur-plantaloe.com\/de\/wp-json\/wp\/v2\/pages\/15\/revisions\/1333"}],"wp:attachment":[{"href":"https:\/\/ebanonatur-plantaloe.com\/de\/wp-json\/wp\/v2\/media?parent=15"}],"curies":[{"name":"wp","href":"https:\/\/api.w.org\/{rel}","templated":true}]}}