{"id":12153,"date":"2024-12-10T10:56:17","date_gmt":"2024-12-10T09:56:17","guid":{"rendered":"https:\/\/ebanonatur-plantaloe.com\/?page_id=12153"},"modified":"2024-12-10T11:05:01","modified_gmt":"2024-12-10T10:05:01","slug":"envios","status":"publish","type":"page","link":"https:\/\/ebanonatur-plantaloe.com\/de\/envios\/","title":{"rendered":"Versand"},"content":{"rendered":"<style>.elementor-12153 .elementor-element.elementor-element-473cc282{--display:flex;--min-height:266px;--flex-direction:row;--container-widget-width:calc( ( 1 - var( --container-widget-flex-grow ) ) * 100% );--container-widget-height:100%;--container-widget-flex-grow:1;--container-widget-align-self:stretch;--flex-wrap-mobile:wrap;--align-items:flex-end;--gap:10px 10px;--row-gap:10px;--column-gap:10px;--overlay-opacity:0.8;--padding-top:0em;--padding-bottom:0em;--padding-left:0em;--padding-right:0em;}.elementor-12153 .elementor-element.elementor-element-473cc282:not(.elementor-motion-effects-element-type-background), .elementor-12153 .elementor-element.elementor-element-473cc282 > .elementor-motion-effects-container > .elementor-motion-effects-layer{background-color:var( --e-global-color-primary );}.elementor-12153 .elementor-element.elementor-element-473cc282::before, .elementor-12153 .elementor-element.elementor-element-473cc282 > .elementor-background-video-container::before, .elementor-12153 .elementor-element.elementor-element-473cc282 > .e-con-inner > .elementor-background-video-container::before, .elementor-12153 .elementor-element.elementor-element-473cc282 > .elementor-background-slideshow::before, .elementor-12153 .elementor-element.elementor-element-473cc282 > .e-con-inner > .elementor-background-slideshow::before, .elementor-12153 .elementor-element.elementor-element-473cc282 > .elementor-motion-effects-container > .elementor-motion-effects-layer::before{--background-overlay:'';}.elementor-12153 .elementor-element.elementor-element-1c95e500{--display:flex;--flex-direction:row;--container-widget-width:calc( ( 1 - var( --container-widget-flex-grow ) ) * 100% );--container-widget-height:100%;--container-widget-flex-grow:1;--container-widget-align-self:stretch;--flex-wrap-mobile:wrap;--justify-content:space-between;--align-items:center;--flex-wrap:wrap;--padding-top:7em;--padding-bottom:7em;--padding-left:0em;--padding-right:0em;}.elementor-12153 .elementor-element.elementor-element-3cc827f2{text-align:start;width:100%;max-width:100%;}.elementor-12153 .elementor-element.elementor-element-3cc827f2 .elementor-heading-title{color:#FFFFFF;}.elementor-12153 .elementor-element.elementor-element-6346ee8{--display:flex;--padding-top:4em;--padding-bottom:04em;--padding-left:2em;--padding-right:2em;}:root{--page-title-display:none;}@media(max-width:1024px){.elementor-12153 .elementor-element.elementor-element-473cc282{--min-height:186px;--padding-top:0px;--padding-bottom:0px;--padding-left:30px;--padding-right:30px;}.elementor-12153 .elementor-element.elementor-element-1c95e500{--padding-top:5em;--padding-bottom:5em;--padding-left:0em;--padding-right:0em;}}@media(max-width:767px){.elementor-12153 .elementor-element.elementor-element-473cc282{--min-height:138px;--justify-content:center;--margin-top:0em;--margin-bottom:0em;--margin-left:0em;--margin-right:0em;--padding-top:0em;--padding-bottom:0em;--padding-left:0em;--padding-right:0em;}.elementor-12153 .elementor-element.elementor-element-1c95e500{--flex-direction:column;--container-widget-width:100%;--container-widget-height:initial;--container-widget-flex-grow:0;--container-widget-align-self:initial;--flex-wrap-mobile:wrap;--justify-content:center;--padding-top:3em;--padding-bottom:3em;--padding-left:1em;--padding-right:1em;}.elementor-12153 .elementor-element.elementor-element-3cc827f2{text-align:center;}}<\/style>\t\t<div data-elementor-type=\"wp-page\" data-elementor-id=\"12153\" class=\"elementor elementor-12153\" data-elementor-post-type=\"page\">\n\t\t\t\t<div class=\"elementor-element elementor-element-473cc282 e-flex e-con-boxed e-con e-parent\" data-id=\"473cc282\" data-element_type=\"container\" data-e-type=\"container\" data-settings=\"{&quot;background_background&quot;:&quot;classic&quot;}\">\n\t\t\t\t\t<div class=\"e-con-inner\">\n\t\t<div class=\"elementor-element elementor-element-1c95e500 e-con-full e-flex e-con e-child\" data-id=\"1c95e500\" data-element_type=\"container\" data-e-type=\"container\">\n\t\t\t\t<div class=\"elementor-element elementor-element-3cc827f2 elementor-widget__width-inherit elementor-widget elementor-widget-heading\" data-id=\"3cc827f2\" data-element_type=\"widget\" data-e-type=\"widget\" data-widget_type=\"heading.default\">\n\t\t\t\t<div class=\"elementor-widget-container\">\n\t\t\t\t\t<h1 class=\"elementor-heading-title elementor-size-default\">Versand<\/h1>\t\t\t\t<\/div>\n\t\t\t\t<\/div>\n\t\t\t\t<\/div>\n\t\t\t\t\t<\/div>\n\t\t\t\t<\/div>\n\t\t<div class=\"elementor-element elementor-element-6346ee8 e-flex e-con-boxed e-con e-parent\" data-id=\"6346ee8\" data-element_type=\"container\" data-e-type=\"container\">\n\t\t\t\t\t<div class=\"e-con-inner\">\n\t\t\t\t<div class=\"elementor-element elementor-element-3a18116f elementor-widget elementor-widget-text-editor\" data-id=\"3a18116f\" data-element_type=\"widget\" data-e-type=\"widget\" data-widget_type=\"text-editor.default\">\n\t\t\t\t<div class=\"elementor-widget-container\">\n\t\t\t\t\t\t\t\t\t<h3>Versand<\/h3><div>F\u00fcr Lieferungen innerhalb der Halbinsel gelten folgende Versandkosten:<\/div><div>Lieferung innerhalb von 48 \u2013 72 Stunden bundesweit.<\/div><div>Lieferung au\u00dferhalb Spaniens (Europa) 1 Woche.<\/div><div>\u00a0<\/div><p><strong>Halbinselpreis: 5 \u20ac<\/strong><\/p><p><strong>Preis auf den Kanarischen Inseln: 6 \u20ac<\/strong><\/p><p><strong>Europapreis: 9 \u20ac<\/strong><\/p><p>\u00a0<\/p><p>*Die Auftragsvorbereitung kann 24 bis 72 Stunden dauern.<\/p><p>*Ungef\u00e4hre Lieferzeiten. Bei Fragen zur Bestellung schreiben Sie bitte an <a href=\"mailto:ebanonatur@hotmail.com\" target=\"_blank\" rel=\"noopener\"><span style=\"text-decoration: underline;\">ebanonatur@hotmail.com<\/span>.<\/a><\/p>\t\t\t\t\t\t\t\t<\/div>\n\t\t\t\t<\/div>\n\t\t\t\t\t<\/div>\n\t\t\t\t<\/div>\n\t\t\t\t<\/div>","protected":false},"excerpt":{"rendered":"<p>Env\u00edos Para los env\u00edos dentro de la pen\u00ednsula, se aplican los siguientes gastos de env\u00edo:Entrega en plazos de 48 \u2013 72 horas a nivel nacional.Entrega fuera de Espa\u00f1a (Europa) 1 semana.\u00a0 Precio pen\u00ednsula: 5\u20ac Precio canarias: 6\u20ac Precio Europa: 9\u20ac \u00a0 *La preparaci\u00f3n del pedido puede tardar de 24 a 72 horas. *Tiempos de env\u00edo [&hellip;]<\/p>\n","protected":false},"author":3,"featured_media":0,"parent":0,"menu_order":0,"comment_status":"closed","ping_status":"closed","template":"","meta":{"footnotes":""},"class_list":["post-12153","page","type-page","status-publish","hentry"],"yoast_head":"<!-- This site is optimized with the Yoast SEO plugin v27.1.1 - https:\/\/yoast.com\/product\/yoast-seo-wordpress\/ -->\n<title>Env\u00edos - Ebanonatur<\/title>\n<meta name=\"robots\" content=\"index, follow, max-snippet:-1, max-image-preview:large, max-video-preview:-1\" \/>\n<link rel=\"canonical\" href=\"https:\/\/ebanonatur-plantaloe.com\/de\/envios\/\" \/>\n<meta property=\"og:locale\" content=\"de_DE\" \/>\n<meta property=\"og:type\" content=\"article\" \/>\n<meta property=\"og:title\" content=\"Env\u00edos - Ebanonatur\" \/>\n<meta property=\"og:description\" content=\"Env\u00edos Para los env\u00edos dentro de la pen\u00ednsula, se aplican los siguientes gastos de env\u00edo:Entrega en plazos de 48 \u2013 72 horas a nivel nacional.Entrega fuera de Espa\u00f1a (Europa) 1 semana.\u00a0 Precio pen\u00ednsula: 5\u20ac Precio canarias: 6\u20ac Precio Europa: 9\u20ac \u00a0 *La preparaci\u00f3n del pedido puede tardar de 24 a 72 horas. *Tiempos de env\u00edo [&hellip;]\" \/>\n<meta property=\"og:url\" content=\"https:\/\/ebanonatur-plantaloe.com\/de\/envios\/\" \/>\n<meta property=\"og:site_name\" content=\"Ebanonatur\" \/>\n<meta property=\"article:modified_time\" content=\"2024-12-10T10:05:01+00:00\" \/>\n<meta name=\"twitter:card\" content=\"summary_large_image\" \/>\n<meta name=\"twitter:label1\" content=\"Gesch\u00e4tzte Lesezeit\" \/>\n\t<meta name=\"twitter:data1\" content=\"1\u00a0Minute\" \/>\n<script type=\"application\/ld+json\" class=\"yoast-schema-graph\">{\"@context\":\"https:\/\/schema.org\",\"@graph\":[{\"@type\":\"WebPage\",\"@id\":\"https:\/\/ebanonatur-plantaloe.com\/envios\/\",\"url\":\"https:\/\/ebanonatur-plantaloe.com\/envios\/\",\"name\":\"Env\u00edos - Ebanonatur\",\"isPartOf\":{\"@id\":\"https:\/\/ebanonatur-plantaloe.com\/#website\"},\"datePublished\":\"2024-12-10T09:56:17+00:00\",\"dateModified\":\"2024-12-10T10:05:01+00:00\",\"breadcrumb\":{\"@id\":\"https:\/\/ebanonatur-plantaloe.com\/envios\/#breadcrumb\"},\"inLanguage\":\"de\",\"potentialAction\":[{\"@type\":\"ReadAction\",\"target\":[\"https:\/\/ebanonatur-plantaloe.com\/envios\/\"]}]},{\"@type\":\"BreadcrumbList\",\"@id\":\"https:\/\/ebanonatur-plantaloe.com\/envios\/#breadcrumb\",\"itemListElement\":[{\"@type\":\"ListItem\",\"position\":1,\"name\":\"Portada\",\"item\":\"https:\/\/ebanonatur-plantaloe.com\/\"},{\"@type\":\"ListItem\",\"position\":2,\"name\":\"Env\u00edos\"}]},{\"@type\":\"WebSite\",\"@id\":\"https:\/\/ebanonatur-plantaloe.com\/#website\",\"url\":\"https:\/\/ebanonatur-plantaloe.com\/\",\"name\":\"Ebanonatur\",\"description\":\"Productos naturales de aloe vera para el cuidado de la piel\",\"potentialAction\":[{\"@type\":\"SearchAction\",\"target\":{\"@type\":\"EntryPoint\",\"urlTemplate\":\"https:\/\/ebanonatur-plantaloe.com\/?s={search_term_string}\"},\"query-input\":{\"@type\":\"PropertyValueSpecification\",\"valueRequired\":true,\"valueName\":\"search_term_string\"}}],\"inLanguage\":\"de\"}]}<\/script>\n<!-- \/ Yoast SEO plugin. -->","yoast_head_json":{"title":"Env\u00edos - Ebanonatur","robots":{"index":"index","follow":"follow","max-snippet":"max-snippet:-1","max-image-preview":"max-image-preview:large","max-video-preview":"max-video-preview:-1"},"canonical":"https:\/\/ebanonatur-plantaloe.com\/de\/envios\/","og_locale":"de_DE","og_type":"article","og_title":"Env\u00edos - Ebanonatur","og_description":"Env\u00edos Para los env\u00edos dentro de la pen\u00ednsula, se aplican los siguientes gastos de env\u00edo:Entrega en plazos de 48 \u2013 72 horas a nivel nacional.Entrega fuera de Espa\u00f1a (Europa) 1 semana.\u00a0 Precio pen\u00ednsula: 5\u20ac Precio canarias: 6\u20ac Precio Europa: 9\u20ac \u00a0 *La preparaci\u00f3n del pedido puede tardar de 24 a 72 horas. *Tiempos de env\u00edo [&hellip;]","og_url":"https:\/\/ebanonatur-plantaloe.com\/de\/envios\/","og_site_name":"Ebanonatur","article_modified_time":"2024-12-10T10:05:01+00:00","twitter_card":"summary_large_image","twitter_misc":{"Gesch\u00e4tzte Lesezeit":"1\u00a0Minute"},"schema":{"@context":"https:\/\/schema.org","@graph":[{"@type":"WebPage","@id":"https:\/\/ebanonatur-plantaloe.com\/envios\/","url":"https:\/\/ebanonatur-plantaloe.com\/envios\/","name":"Env\u00edos - Ebanonatur","isPartOf":{"@id":"https:\/\/ebanonatur-plantaloe.com\/#website"},"datePublished":"2024-12-10T09:56:17+00:00","dateModified":"2024-12-10T10:05:01+00:00","breadcrumb":{"@id":"https:\/\/ebanonatur-plantaloe.com\/envios\/#breadcrumb"},"inLanguage":"de","potentialAction":[{"@type":"ReadAction","target":["https:\/\/ebanonatur-plantaloe.com\/envios\/"]}]},{"@type":"BreadcrumbList","@id":"https:\/\/ebanonatur-plantaloe.com\/envios\/#breadcrumb","itemListElement":[{"@type":"ListItem","position":1,"name":"Portada","item":"https:\/\/ebanonatur-plantaloe.com\/"},{"@type":"ListItem","position":2,"name":"Env\u00edos"}]},{"@type":"WebSite","@id":"https:\/\/ebanonatur-plantaloe.com\/#website","url":"https:\/\/ebanonatur-plantaloe.com\/","name":"Ebanonatur","description":"Nat\u00fcrliche Aloe Vera-Hautpflegeprodukte","potentialAction":[{"@type":"SearchAction","target":{"@type":"EntryPoint","urlTemplate":"https:\/\/ebanonatur-plantaloe.com\/?s={search_term_string}"},"query-input":{"@type":"PropertyValueSpecification","valueRequired":true,"valueName":"search_term_string"}}],"inLanguage":"de"}]}},"_links":{"self":[{"href":"https:\/\/ebanonatur-plantaloe.com\/de\/wp-json\/wp\/v2\/pages\/12153","targetHints":{"allow":["GET"]}}],"collection":[{"href":"https:\/\/ebanonatur-plantaloe.com\/de\/wp-json\/wp\/v2\/pages"}],"about":[{"href":"https:\/\/ebanonatur-plantaloe.com\/de\/wp-json\/wp\/v2\/types\/page"}],"author":[{"embeddable":true,"href":"https:\/\/ebanonatur-plantaloe.com\/de\/wp-json\/wp\/v2\/users\/3"}],"replies":[{"embeddable":true,"href":"https:\/\/ebanonatur-plantaloe.com\/de\/wp-json\/wp\/v2\/comments?post=12153"}],"version-history":[{"count":4,"href":"https:\/\/ebanonatur-plantaloe.com\/de\/wp-json\/wp\/v2\/pages\/12153\/revisions"}],"predecessor-version":[{"id":12157,"href":"https:\/\/ebanonatur-plantaloe.com\/de\/wp-json\/wp\/v2\/pages\/12153\/revisions\/12157"}],"wp:attachment":[{"href":"https:\/\/ebanonatur-plantaloe.com\/de\/wp-json\/wp\/v2\/media?parent=12153"}],"curies":[{"name":"wp","href":"https:\/\/api.w.org\/{rel}","templated":true}]}}